{"id":1310,"date":"2021-03-23T14:06:39","date_gmt":"2021-03-23T14:06:39","guid":{"rendered":"https:\/\/www.wuud.lt\/?page_id=1310"},"modified":"2025-06-05T16:47:36","modified_gmt":"2025-06-05T16:47:36","slug":"rekvizitai","status":"publish","type":"page","link":"https:\/\/www.wuud.lt\/en\/rekvizitai\/","title":{"rendered":"W\u016b\u016bd Rekvizitai"},"content":{"rendered":"<div class=\"banner has-hover\" id=\"banner-2041510988\">\n          <div class=\"banner-inner fill\">\n        <div class=\"banner-bg fill\" >\n            <img loading=\"lazy\" decoding=\"async\" width=\"1020\" height=\"680\" src=\"https:\/\/www.wuud.lt\/wp-content\/uploads\/2021\/03\/retrosupply-jLwVAUtLOAQ-unsplash-1200x800.jpg\" class=\"bg attachment-large size-large\" alt=\"\" \/>                        <div class=\"overlay\"><\/div>            \n                    <\/div>\n\t\t\n        <div class=\"banner-layers container\">\n            <div class=\"fill banner-link\"><\/div>            \n\n   <div id=\"text-box-2121404329\" class=\"text-box banner-layer x50 md-x50 lg-x50 y50 md-y50 lg-y50 res-text\">\n                                <div class=\"text-box-content text dark\">\n              \n              <div class=\"text-inner text-center\">\n                  \n\n<h3 class=\"uppercase\"><strong>Seller details<\/strong><\/h3>\n\n              <\/div>\n           <\/div>\n                            \n<style>\n#text-box-2121404329 {\n  width: 57%;\n}\n#text-box-2121404329 .text-box-content {\n  font-size: 100%;\n}\n<\/style>\n    <\/div>\n \n\n        <\/div>\n      <\/div>\n\n            \n<style>\n#banner-2041510988 {\n  padding-top: 500px;\n}\n#banner-2041510988 .overlay {\n  background-color: rgba(0, 0, 0, 0.31);\n}\n#banner-2041510988 .banner-bg img {\n  object-position: 42% 61%;\n}\n<\/style>\n  <\/div>\n\n\n<div class=\"row\"  id=\"row-521907352\">\n\n\n\t<div id=\"col-656738210\" class=\"col small-12 large-12\"  >\n\t\t\t\t<div class=\"col-inner\"  >\n\t\t\t\n\t\t\t\n\n<p>Karolis Pranckevi\u010dius<\/p>\n<p>Ugn\u0117s g. 71, Kaunas. Lithuania , LT47102<\/p>\n<p>Tel.: +37068710219<\/p>\n<p>Email: info@wuud.lt<\/p>\n<p>Individual activity no .: 873653<\/p>\n\n\t\t<\/div>\n\t\t\t\t\t<\/div>\n\n\t\n\n<\/div>","protected":false},"excerpt":{"rendered":"","protected":false},"author":1,"featured_media":0,"parent":0,"menu_order":0,"comment_status":"closed","ping_status":"closed","template":"page-transparent-header-light.php","meta":{"_glsr_average":0,"_glsr_ranking":0,"_glsr_reviews":0,"footnotes":""},"class_list":["post-1310","page","type-page","status-publish","hentry"],"yoast_head":"<!-- This site is optimized with the Yoast SEO plugin v23.8 - https:\/\/yoast.com\/wordpress\/plugins\/seo\/ -->\n<title>W\u016b\u016bd Rekvizitai - W\u016b\u016bd<\/title>\n<meta name=\"description\" content=\"\u010cia rasite W\u016b\u016bd rekvizitus. Susisiekite naudodamiesi kontakt\u0173 skilt\u012f jeigu norite bendradarbiauti ar pateikti pasi\u016blym\u0105.\" \/>\n<meta name=\"robots\" content=\"noindex, follow\" \/>\n<meta property=\"og:locale\" content=\"en_US\" \/>\n<meta property=\"og:type\" content=\"article\" \/>\n<meta property=\"og:title\" content=\"W\u016b\u016bd Rekvizitai - W\u016b\u016bd\" \/>\n<meta property=\"og:description\" content=\"\u010cia rasite W\u016b\u016bd rekvizitus. Susisiekite naudodamiesi kontakt\u0173 skilt\u012f jeigu norite bendradarbiauti ar pateikti pasi\u016blym\u0105.\" \/>\n<meta property=\"og:url\" content=\"https:\/\/www.wuud.lt\/en\/rekvizitai\/\" \/>\n<meta property=\"og:site_name\" content=\"W\u016b\u016bd\" \/>\n<meta property=\"article:modified_time\" content=\"2025-06-05T16:47:36+00:00\" \/>\n<meta name=\"twitter:card\" content=\"summary_large_image\" \/>\n<meta name=\"twitter:label1\" content=\"Est. reading time\" \/>\n\t<meta name=\"twitter:data1\" content=\"1 minute\" \/>\n<script type=\"application\/ld+json\" class=\"yoast-schema-graph\">{\"@context\":\"https:\/\/schema.org\",\"@graph\":[{\"@type\":\"WebPage\",\"@id\":\"https:\/\/www.wuud.lt\/rekvizitai\/\",\"url\":\"https:\/\/www.wuud.lt\/rekvizitai\/\",\"name\":\"W\u016b\u016bd Rekvizitai - W\u016b\u016bd\",\"isPartOf\":{\"@id\":\"https:\/\/www.wuud.lt\/#website\"},\"datePublished\":\"2021-03-23T14:06:39+00:00\",\"dateModified\":\"2025-06-05T16:47:36+00:00\",\"description\":\"\u010cia rasite W\u016b\u016bd rekvizitus. Susisiekite naudodamiesi kontakt\u0173 skilt\u012f jeigu norite bendradarbiauti ar pateikti pasi\u016blym\u0105.\",\"breadcrumb\":{\"@id\":\"https:\/\/www.wuud.lt\/rekvizitai\/#breadcrumb\"},\"inLanguage\":\"en-US\",\"potentialAction\":[{\"@type\":\"ReadAction\",\"target\":[\"https:\/\/www.wuud.lt\/rekvizitai\/\"]}]},{\"@type\":\"BreadcrumbList\",\"@id\":\"https:\/\/www.wuud.lt\/rekvizitai\/#breadcrumb\",\"itemListElement\":[{\"@type\":\"ListItem\",\"position\":1,\"name\":\"Home\",\"item\":\"https:\/\/www.wuud.lt\/\"},{\"@type\":\"ListItem\",\"position\":2,\"name\":\"W\u016b\u016bd Rekvizitai\"}]},{\"@type\":\"WebSite\",\"@id\":\"https:\/\/www.wuud.lt\/#website\",\"url\":\"https:\/\/www.wuud.lt\/\",\"name\":\"W\u016b\u016bd\",\"description\":\"Jaukiems Namams  ir Prakti&scaron;kiems Sprendimams\",\"publisher\":{\"@id\":\"https:\/\/www.wuud.lt\/#organization\"},\"potentialAction\":[{\"@type\":\"SearchAction\",\"target\":{\"@type\":\"EntryPoint\",\"urlTemplate\":\"https:\/\/www.wuud.lt\/?s={search_term_string}\"},\"query-input\":{\"@type\":\"PropertyValueSpecification\",\"valueRequired\":true,\"valueName\":\"search_term_string\"}}],\"inLanguage\":\"en-US\"},{\"@type\":\"Organization\",\"@id\":\"https:\/\/www.wuud.lt\/#organization\",\"name\":\"W\u016b\u016bd\",\"url\":\"https:\/\/www.wuud.lt\/\",\"logo\":{\"@type\":\"ImageObject\",\"inLanguage\":\"en-US\",\"@id\":\"https:\/\/www.wuud.lt\/#\/schema\/logo\/image\/\",\"url\":\"https:\/\/www.wuud.lt\/wp-content\/uploads\/2020\/08\/Wuud-logo-layered.png\",\"contentUrl\":\"https:\/\/www.wuud.lt\/wp-content\/uploads\/2020\/08\/Wuud-logo-layered.png\",\"width\":800,\"height\":450,\"caption\":\"W\u016b\u016bd\"},\"image\":{\"@id\":\"https:\/\/www.wuud.lt\/#\/schema\/logo\/image\/\"}}]}<\/script>\n<!-- \/ Yoast SEO plugin. -->","yoast_head_json":{"title":"W\u016b\u016bd Rekvizitai - W\u016b\u016bd","description":"\u010cia rasite W\u016b\u016bd rekvizitus. Susisiekite naudodamiesi kontakt\u0173 skilt\u012f jeigu norite bendradarbiauti ar pateikti pasi\u016blym\u0105.","robots":{"index":"noindex","follow":"follow"},"og_locale":"en_US","og_type":"article","og_title":"W\u016b\u016bd Rekvizitai - W\u016b\u016bd","og_description":"\u010cia rasite W\u016b\u016bd rekvizitus. Susisiekite naudodamiesi kontakt\u0173 skilt\u012f jeigu norite bendradarbiauti ar pateikti pasi\u016blym\u0105.","og_url":"https:\/\/www.wuud.lt\/en\/rekvizitai\/","og_site_name":"W\u016b\u016bd","article_modified_time":"2025-06-05T16:47:36+00:00","twitter_card":"summary_large_image","twitter_misc":{"Est. reading time":"1 minute"},"schema":{"@context":"https:\/\/schema.org","@graph":[{"@type":"WebPage","@id":"https:\/\/www.wuud.lt\/rekvizitai\/","url":"https:\/\/www.wuud.lt\/rekvizitai\/","name":"W\u016b\u016bd Rekvizitai - W\u016b\u016bd","isPartOf":{"@id":"https:\/\/www.wuud.lt\/#website"},"datePublished":"2021-03-23T14:06:39+00:00","dateModified":"2025-06-05T16:47:36+00:00","description":"\u010cia rasite W\u016b\u016bd rekvizitus. Susisiekite naudodamiesi kontakt\u0173 skilt\u012f jeigu norite bendradarbiauti ar pateikti pasi\u016blym\u0105.","breadcrumb":{"@id":"https:\/\/www.wuud.lt\/rekvizitai\/#breadcrumb"},"inLanguage":"en-US","potentialAction":[{"@type":"ReadAction","target":["https:\/\/www.wuud.lt\/rekvizitai\/"]}]},{"@type":"BreadcrumbList","@id":"https:\/\/www.wuud.lt\/rekvizitai\/#breadcrumb","itemListElement":[{"@type":"ListItem","position":1,"name":"Home","item":"https:\/\/www.wuud.lt\/"},{"@type":"ListItem","position":2,"name":"W\u016b\u016bd Rekvizitai"}]},{"@type":"WebSite","@id":"https:\/\/www.wuud.lt\/#website","url":"https:\/\/www.wuud.lt\/","name":"W\u016b\u016bd","description":"Jaukiems Namams  ir Prakti&scaron;kiems Sprendimams","publisher":{"@id":"https:\/\/www.wuud.lt\/#organization"},"potentialAction":[{"@type":"SearchAction","target":{"@type":"EntryPoint","urlTemplate":"https:\/\/www.wuud.lt\/?s={search_term_string}"},"query-input":{"@type":"PropertyValueSpecification","valueRequired":true,"valueName":"search_term_string"}}],"inLanguage":"en-US"},{"@type":"Organization","@id":"https:\/\/www.wuud.lt\/#organization","name":"W\u016b\u016bd","url":"https:\/\/www.wuud.lt\/","logo":{"@type":"ImageObject","inLanguage":"en-US","@id":"https:\/\/www.wuud.lt\/#\/schema\/logo\/image\/","url":"https:\/\/www.wuud.lt\/wp-content\/uploads\/2020\/08\/Wuud-logo-layered.png","contentUrl":"https:\/\/www.wuud.lt\/wp-content\/uploads\/2020\/08\/Wuud-logo-layered.png","width":800,"height":450,"caption":"W\u016b\u016bd"},"image":{"@id":"https:\/\/www.wuud.lt\/#\/schema\/logo\/image\/"}}]}},"jetpack_sharing_enabled":true,"_links":{"self":[{"href":"https:\/\/www.wuud.lt\/en\/wp-json\/wp\/v2\/pages\/1310","targetHints":{"allow":["GET"]}}],"collection":[{"href":"https:\/\/www.wuud.lt\/en\/wp-json\/wp\/v2\/pages"}],"about":[{"href":"https:\/\/www.wuud.lt\/en\/wp-json\/wp\/v2\/types\/page"}],"author":[{"embeddable":true,"href":"https:\/\/www.wuud.lt\/en\/wp-json\/wp\/v2\/users\/1"}],"replies":[{"embeddable":true,"href":"https:\/\/www.wuud.lt\/en\/wp-json\/wp\/v2\/comments?post=1310"}],"version-history":[{"count":5,"href":"https:\/\/www.wuud.lt\/en\/wp-json\/wp\/v2\/pages\/1310\/revisions"}],"predecessor-version":[{"id":1596,"href":"https:\/\/www.wuud.lt\/en\/wp-json\/wp\/v2\/pages\/1310\/revisions\/1596"}],"wp:attachment":[{"href":"https:\/\/www.wuud.lt\/en\/wp-json\/wp\/v2\/media?parent=1310"}],"curies":[{"name":"wp","href":"https:\/\/api.w.org\/{rel}","templated":true}]}}