{"id":1593,"date":"2021-03-23T16:15:57","date_gmt":"2021-03-23T16:15:57","guid":{"rendered":"https:\/\/www.wuud.lt\/?page_id=1593"},"modified":"2025-06-05T17:08:22","modified_gmt":"2025-06-05T17:08:22","slug":"mediena","status":"publish","type":"page","link":"https:\/\/www.wuud.lt\/en\/mediena\/","title":{"rendered":"Medienos kokyb\u0117 W\u016b\u016bd gaminiuose"},"content":{"rendered":"<section class=\"section\" id=\"section_1383900588\">\n\t\t<div class=\"section-bg fill\" >\n\t\t\t<img loading=\"lazy\" decoding=\"async\" width=\"2560\" height=\"1457\" src=\"https:\/\/www.wuud.lt\/wp-content\/uploads\/2023\/04\/pexels-dlkr-5676478-resized-scaled.jpg\" class=\"bg attachment-original size-original\" alt=\"\" \/>\t\t\t\t\t\t\n\t\t\t\n\n\t\t<\/div>\n\n\t\t\n\n\t\t<div class=\"section-content relative\">\n\t\t\t\n\n<div class=\"row align-middle align-center row-box-shadow-2\"  id=\"row-592193418\">\n\n\n\t<div id=\"col-1962771072\" class=\"col medium-10 small-12 large-10\"  >\n\t\t\t\t<div class=\"col-inner text-center text-shadow-5 dark\" style=\"background-color:rgba(0, 0, 0, 0.28);\" >\n\t\t\t\n\t\t\t\n\n<h2 class=\"uppercase\">W\u016b\u016bd gaminiuose naudojamos medienos kokyb\u0117<\/h2>\n\n\t\t<\/div>\n\t\t\t\t\t<\/div>\n\n\t\n\n<\/div>\n\n\t\t<\/div>\n\n\t\t\n<style>\n#section_1383900588 {\n  padding-top: 60px;\n  padding-bottom: 60px;\n  min-height: 400px;\n  background-color: rgb(245, 245, 245);\n}\n#section_1383900588 .section-bg img {\n  object-position: 52% 18%;\n}\n<\/style>\n\t<\/section>\n\t\n<div class=\"container section-title-container\" style=\"margin-top:0px;margin-bottom:0px;\"><h1 class=\"section-title section-title-center\"><b><\/b><span class=\"section-title-main\" style=\"font-size:149%;\">Klijuoti uosio skydai<\/span><b><\/b><\/h1><\/div>\n\n\n\t<section class=\"section\" id=\"section_181104135\">\n\t\t<div class=\"section-bg fill\" >\n\t\t\t\t\t\t\t\t\t\n\t\t\t\n\t<div class=\"is-border\"\n\t\tstyle=\"border-color:rgb(235, 235, 235);border-width:1px 0px 0px 0px;\">\n\t<\/div>\n\n\t\t<\/div>\n\n\t\t\n\n\t\t<div class=\"section-content relative\">\n\t\t\t\n\n<div class=\"row\"  id=\"row-1549327263\">\n\n\n\t<div id=\"col-8235262\" class=\"col medium-4 small-12 large-4\"  >\n\t\t\t\t<div class=\"col-inner\"  >\n\t\t\t\n\t\t\t\n\n<h2 class=\"uppercase\" style=\"text-align: center;\">A\/AB<\/h2>\n<p>Naudojamas balduose ir laiptuose, kuriuose apatin\u0117 pakop\u0173 pus\u0117 yra matoma.<\/p>\n<p>Vir\u0161utin\u0117je pus\u0117je : be \u0161ak\u0173 arba pavien\u0117s nekrentan\u010dios \u0161akos iki 8mm skersmens. Nenat\u016bral\u016bs spalvos pakitimai neleid\u017eiami.<\/p>\n<p>Apatin\u0117je pus\u0117je : nekrentan\u010dios \u0161akos iki 22 mm skersmens. Nenat\u016bral\u016bs spalvos pakitimai neleid\u017eiami. Glaistas artimiausios med\u017eiui spalvos arba kitokios, jei to pageidauja klientas.<\/p>\n\n\t\t<\/div>\n\t\t\t\t\t<\/div>\n\n\t\n\n\t<div id=\"col-1978475850\" class=\"col medium-4 small-12 large-4\"  >\n\t\t\t\t<div class=\"col-inner\"  >\n\t\t\t\n\t\t\t\n\n<h2 style=\"text-align: center;\">A\/BB<\/h2>\n<p>Da\u017eniausiai pasirenkamas laiptuose, kur apatin\u0117 pakopos pus\u0117 yra nematoma.<\/p>\n<p>Vir\u0161utin\u0117je pus\u0117je : be \u0161ak\u0173 arba pavien\u0117s nekrentan\u010dios \u0161akos iki 8mm skersmens. Nenat\u016bral\u016bs spalvos pakitimai neleid\u017eiami.<\/p>\n<p>Apatin\u0117je pus\u0117je : \u0160akos be apribojim\u0173. Nenat\u016bral\u016bs spalvos pakitimai leid\u017eiami.<\/p>\n\n\t\t<\/div>\n\t\t\t\t\t<\/div>\n\n\t\n\n\t<div id=\"col-1475264005\" class=\"col medium-4 small-12 large-4\"  >\n\t\t\t\t<div class=\"col-inner\"  >\n\t\t\t\n\t\t\t\n\n<h2 style=\"text-align: center;\">Kita<\/h2>\n<p>Skydai gaminami pagal kliento pageidavimus<\/p>\n\n\t\t<\/div>\n\t\t\t\t\t<\/div>\n\n\t\n\n<\/div>\n<div class=\"container section-title-container\" ><h3 class=\"section-title section-title-center\"><b><\/b><span class=\"section-title-main\" >Uosio skyd\u0173 spalvingumas<\/span><b><\/b><\/h3><\/div>\n\n<div class=\"row\"  id=\"row-1526991357\">\n\n\n\t<div id=\"col-813619696\" class=\"col medium-4 small-12 large-4\"  >\n\t\t\t\t<div class=\"col-inner\"  >\n\t\t\t\n\t\t\t\n\n\t<div class=\"box has-hover   has-hover box-text-bottom\" >\n\n\t\t<div class=\"box-image\" >\n\t\t\t\t\t\t<div class=\"image-cover\" style=\"padding-top:100%;\">\n\t\t\t\t<img loading=\"lazy\" decoding=\"async\" width=\"2362\" height=\"1674\" src=\"https:\/\/www.wuud.lt\/wp-content\/uploads\/2023\/04\/20220721_225754.jpg\" class=\"attachment- size-\" alt=\"\" srcset=\"https:\/\/www.wuud.lt\/wp-content\/uploads\/2023\/04\/20220721_225754.jpg 2362w, https:\/\/www.wuud.lt\/wp-content\/uploads\/2023\/04\/20220721_225754-564x400.jpg 564w, https:\/\/www.wuud.lt\/wp-content\/uploads\/2023\/04\/20220721_225754-1129x800.jpg 1129w, https:\/\/www.wuud.lt\/wp-content\/uploads\/2023\/04\/20220721_225754-768x544.jpg 768w, https:\/\/www.wuud.lt\/wp-content\/uploads\/2023\/04\/20220721_225754-1536x1089.jpg 1536w, https:\/\/www.wuud.lt\/wp-content\/uploads\/2023\/04\/20220721_225754-2048x1451.jpg 2048w, https:\/\/www.wuud.lt\/wp-content\/uploads\/2023\/04\/20220721_225754-16x12.jpg 16w, https:\/\/www.wuud.lt\/wp-content\/uploads\/2023\/04\/20220721_225754-300x213.jpg 300w, https:\/\/www.wuud.lt\/wp-content\/uploads\/2023\/04\/20220721_225754-600x425.jpg 600w\" sizes=\"auto, (max-width: 2362px) 100vw, 2362px\" \/>\t\t\t\t\t\t\t\t\t\t\t<\/div>\n\t\t\t\t\t<\/div>\n\n\t\t<div class=\"box-text text-center\" >\n\t\t\t<div class=\"box-text-inner\">\n\t\t\t\t\n\n<h4>Margas Uosis<\/h4>\n<p>Suklijuotas i\u0161 tamsi\u0173 ir \u0161viesi\u0173 lameli\u0173<\/p>\n\n\t\t\t<\/div>\n\t\t<\/div>\n\t<\/div>\n\t\n\n\t\t<\/div>\n\t\t\t\t\t<\/div>\n\n\t\n\n\t<div id=\"col-1301235985\" class=\"col medium-4 small-12 large-4\"  >\n\t\t\t\t<div class=\"col-inner\"  >\n\t\t\t\n\t\t\t\n\n\t<div class=\"box has-hover   has-hover box-text-bottom\" >\n\n\t\t<div class=\"box-image\" >\n\t\t\t\t\t\t<div class=\"image-cover\" style=\"padding-top:100%;\">\n\t\t\t\t<img loading=\"lazy\" decoding=\"async\" width=\"2484\" height=\"2392\" src=\"https:\/\/www.wuud.lt\/wp-content\/uploads\/2023\/04\/20200928_151328.jpg\" class=\"attachment- size-\" alt=\"\" srcset=\"https:\/\/www.wuud.lt\/wp-content\/uploads\/2023\/04\/20200928_151328.jpg 2484w, https:\/\/www.wuud.lt\/wp-content\/uploads\/2023\/04\/20200928_151328-415x400.jpg 415w, https:\/\/www.wuud.lt\/wp-content\/uploads\/2023\/04\/20200928_151328-831x800.jpg 831w, https:\/\/www.wuud.lt\/wp-content\/uploads\/2023\/04\/20200928_151328-768x740.jpg 768w, https:\/\/www.wuud.lt\/wp-content\/uploads\/2023\/04\/20200928_151328-1536x1479.jpg 1536w, https:\/\/www.wuud.lt\/wp-content\/uploads\/2023\/04\/20200928_151328-2048x1972.jpg 2048w, https:\/\/www.wuud.lt\/wp-content\/uploads\/2023\/04\/20200928_151328-12x12.jpg 12w, https:\/\/www.wuud.lt\/wp-content\/uploads\/2023\/04\/20200928_151328-300x289.jpg 300w, https:\/\/www.wuud.lt\/wp-content\/uploads\/2023\/04\/20200928_151328-600x578.jpg 600w\" sizes=\"auto, (max-width: 2484px) 100vw, 2484px\" \/>\t\t\t\t\t\t\t\t\t\t\t<\/div>\n\t\t\t\t\t<\/div>\n\n\t\t<div class=\"box-text text-center\" >\n\t\t\t<div class=\"box-text-inner\">\n\t\t\t\t\n\n<h4>\u0160viesus Uosis<\/h4>\n<p>Suklijuotas i\u0161 \u0161viesi\u0173 lameli\u0173<\/p>\n\n\t\t\t<\/div>\n\t\t<\/div>\n\t<\/div>\n\t\n\n\t\t<\/div>\n\t\t\t\t\t<\/div>\n\n\t\n\n\t<div id=\"col-1757448516\" class=\"col medium-4 small-12 large-4\"  >\n\t\t\t\t<div class=\"col-inner\"  >\n\t\t\t\n\t\t\t\n\n\t<div class=\"box has-hover   has-hover box-text-bottom\" >\n\n\t\t<div class=\"box-image\" >\n\t\t\t\t\t\t<div class=\"image-cover\" style=\"padding-top:100%;\">\n\t\t\t\t<img loading=\"lazy\" decoding=\"async\" width=\"2560\" height=\"2540\" src=\"https:\/\/www.wuud.lt\/wp-content\/uploads\/2023\/04\/20210818_153555-scaled.jpg\" class=\"attachment- size-\" alt=\"\" srcset=\"https:\/\/www.wuud.lt\/wp-content\/uploads\/2023\/04\/20210818_153555-scaled.jpg 2560w, https:\/\/www.wuud.lt\/wp-content\/uploads\/2023\/04\/20210818_153555-403x400.jpg 403w, https:\/\/www.wuud.lt\/wp-content\/uploads\/2023\/04\/20210818_153555-806x800.jpg 806w, https:\/\/www.wuud.lt\/wp-content\/uploads\/2023\/04\/20210818_153555-768x762.jpg 768w, https:\/\/www.wuud.lt\/wp-content\/uploads\/2023\/04\/20210818_153555-1536x1524.jpg 1536w, https:\/\/www.wuud.lt\/wp-content\/uploads\/2023\/04\/20210818_153555-2048x2032.jpg 2048w, https:\/\/www.wuud.lt\/wp-content\/uploads\/2023\/04\/20210818_153555-12x12.jpg 12w, https:\/\/www.wuud.lt\/wp-content\/uploads\/2023\/04\/20210818_153555-300x298.jpg 300w, https:\/\/www.wuud.lt\/wp-content\/uploads\/2023\/04\/20210818_153555-600x595.jpg 600w, https:\/\/www.wuud.lt\/wp-content\/uploads\/2023\/04\/20210818_153555-100x100.jpg 100w\" sizes=\"auto, (max-width: 2560px) 100vw, 2560px\" \/>\t\t\t\t\t\t\t\t\t\t\t<\/div>\n\t\t\t\t\t<\/div>\n\n\t\t<div class=\"box-text text-center\" >\n\t\t\t<div class=\"box-text-inner\">\n\t\t\t\t\n\n<h4>Tamsus Uosis<\/h4>\n<p>Suklijuotas i\u0161 tamsi\u0173 lameli\u0173<\/p>\n\n\t\t\t<\/div>\n\t\t<\/div>\n\t<\/div>\n\t\n\n\t\t<\/div>\n\t\t\t\t\t<\/div>\n\n\t\n\n<\/div>\n<p style=\"text-align: center;\">Uosis yra vertinamas d\u0117l savo nat\u016bralios spalv\u0173 ir ra\u0161t\u0173 gausos<br \/>Galutin\u0119 spalv\u0105 nustato alyvos spalva<br \/>Kiekviena lenta yra unikali, d\u0117l to galutinio produkto vaizdas skirsis nuo \u0161i\u0173 nuotrauk\u0173<\/p>\n<div class=\"container section-title-container\" style=\"margin-top:0px;margin-bottom:0px;\"><h1 class=\"section-title section-title-center\"><b><\/b><span class=\"section-title-main\" style=\"font-size:149%;\">Klijuoti \u0105\u017euolo skydai<\/span><b><\/b><\/h1><\/div>\n\n\n\t\t<\/div>\n\n\t\t\n<style>\n#section_181104135 {\n  padding-top: 60px;\n  padding-bottom: 60px;\n  min-height: 300px;\n  background-color: rgb(245, 245, 245);\n}\n<\/style>\n\t<\/section>\n\t\n\n\t<section class=\"section\" id=\"section_1537453868\">\n\t\t<div class=\"section-bg fill\" >\n\t\t\t\t\t\t\t\t\t\n\t\t\t\n\t<div class=\"is-border\"\n\t\tstyle=\"border-color:rgb(235, 235, 235);border-width:1px 0px 0px 0px;\">\n\t<\/div>\n\n\t\t<\/div>\n\n\t\t\n\n\t\t<div class=\"section-content relative\">\n\t\t\t\n\n<div class=\"row\"  id=\"row-1052825076\">\n\n\n\t<div id=\"col-625682865\" class=\"col medium-4 small-12 large-4\"  >\n\t\t\t\t<div class=\"col-inner\"  >\n\t\t\t\n\t\t\t\n\n<h2 class=\"uppercase\" style=\"text-align: center;\">A\/AB<\/h2>\n<p>Naudojamas balduose ir laiptuose, kuriuose apatin\u0117 pakop\u0173 pus\u0117 yra matoma.<\/p>\n<p>Vir\u0161utin\u0117je pus\u0117je : balana pavien\u0117se lamel\u0117se iki 5 mm plo\u010dio. Be \u0161ak\u0173 arba pavien\u0117s \u0161akos iki 8 mm skersmens. Nenat\u016bral\u016bs spalvos pakitimai neleid\u017eiami.<\/p>\n<p>Apatin\u0117je pus\u0117je : Balana iki 15mm plo\u010dio. Nekrentan\u010dios \u0161akos iki 22 mm skersmens. Nenat\u016bral\u016bs spalvos pakitimai neleid\u017eiami. Glaistas artimiausios med\u017eiui spalvos arba kitokios, jei to pageidauja klientas.<\/p>\n\n\t\t<\/div>\n\t\t\t\t\t<\/div>\n\n\t\n\n\t<div id=\"col-719761858\" class=\"col medium-4 small-12 large-4\"  >\n\t\t\t\t<div class=\"col-inner\"  >\n\t\t\t\n\t\t\t\n\n<h2 style=\"text-align: center;\">A\/BB<\/h2>\n<p>Da\u017eniausiai pasirenkamas laiptuose, kur apatin\u0117 pakopos pus\u0117 yra nematoma.<\/p>\n<p>Vir\u0161utin\u0117je pus\u0117je : balana pavien\u0117se lamel\u0117se iki 5 mm plo\u010dio. Be \u0161ak\u0173 arba pavien\u0117s nekrentan\u010dios \u0161akos iki 8 mm skersmens. Nenat\u016bral\u016bs spalvos pakitimai neleid\u017eiami.<\/p>\n<p>Apatin\u0117je pus\u0117je : balana be apribojim\u0173, \u0161akos be apribojim\u0173. Nenat\u016bral\u016bs spalvos pakitimai leid\u017eiami.<\/p>\n\n\t\t<\/div>\n\t\t\t\t\t<\/div>\n\n\t\n\n\t<div id=\"col-115101333\" class=\"col medium-4 small-12 large-4\"  >\n\t\t\t\t<div class=\"col-inner\"  >\n\t\t\t\n\t\t\t\n\n<h2 style=\"text-align: center;\">Kita<\/h2>\n<p>Skydai gaminami pagal kliento pageidavimus<\/p>\n\n\t\t<\/div>\n\t\t\t\t\t<\/div>\n\n\t\n\n<\/div>\n<div class=\"container section-title-container\" ><h3 class=\"section-title section-title-center\"><b><\/b><span class=\"section-title-main\" >\u0104\u017euolo skyd\u0173 spalvingumas<\/span><b><\/b><\/h3><\/div>\n\n<div class=\"row\"  id=\"row-1344339751\">\n\n\n\t<div id=\"col-1115592437\" class=\"col medium-4 small-12 large-4\"  >\n\t\t\t\t<div class=\"col-inner\"  >\n\t\t\t\n\t\t\t\n\n\t<div class=\"box has-hover   has-hover box-text-bottom\" >\n\n\t\t<div class=\"box-image\" >\n\t\t\t\t\t\t<div class=\"image-cover\" style=\"padding-top:100%;\">\n\t\t\t\t<img loading=\"lazy\" decoding=\"async\" width=\"2560\" height=\"2377\" src=\"https:\/\/www.wuud.lt\/wp-content\/uploads\/2023\/04\/IMG_20200813_163644-scaled.jpg\" class=\"attachment- size-\" alt=\"\" srcset=\"https:\/\/www.wuud.lt\/wp-content\/uploads\/2023\/04\/IMG_20200813_163644-scaled.jpg 2560w, https:\/\/www.wuud.lt\/wp-content\/uploads\/2023\/04\/IMG_20200813_163644-431x400.jpg 431w, https:\/\/www.wuud.lt\/wp-content\/uploads\/2023\/04\/IMG_20200813_163644-862x800.jpg 862w, https:\/\/www.wuud.lt\/wp-content\/uploads\/2023\/04\/IMG_20200813_163644-768x713.jpg 768w, https:\/\/www.wuud.lt\/wp-content\/uploads\/2023\/04\/IMG_20200813_163644-1536x1426.jpg 1536w, https:\/\/www.wuud.lt\/wp-content\/uploads\/2023\/04\/IMG_20200813_163644-2048x1901.jpg 2048w, https:\/\/www.wuud.lt\/wp-content\/uploads\/2023\/04\/IMG_20200813_163644-13x12.jpg 13w, https:\/\/www.wuud.lt\/wp-content\/uploads\/2023\/04\/IMG_20200813_163644-300x279.jpg 300w, https:\/\/www.wuud.lt\/wp-content\/uploads\/2023\/04\/IMG_20200813_163644-600x557.jpg 600w\" sizes=\"auto, (max-width: 2560px) 100vw, 2560px\" \/>\t\t\t\t\t\t\t\t\t\t\t<\/div>\n\t\t\t\t\t<\/div>\n\n\t\t<div class=\"box-text text-center\" >\n\t\t\t<div class=\"box-text-inner\">\n\t\t\t\t\n\n\n\t\t\t<\/div>\n\t\t<\/div>\n\t<\/div>\n\t\n\n\t\t<\/div>\n\t\t\t\t\t<\/div>\n\n\t\n\n\t<div id=\"col-989674376\" class=\"col medium-4 small-12 large-4\"  >\n\t\t\t\t<div class=\"col-inner\"  >\n\t\t\t\n\t\t\t\n\n\t<div class=\"box has-hover   has-hover box-text-bottom\" >\n\n\t\t<div class=\"box-image\" >\n\t\t\t\t\t\t<div class=\"image-cover\" style=\"padding-top:100%;\">\n\t\t\t\t<img loading=\"lazy\" decoding=\"async\" width=\"1125\" height=\"1500\" src=\"https:\/\/www.wuud.lt\/wp-content\/uploads\/2021\/12\/Wuud-Brick-Visi-stalai-3.jpg\" class=\"attachment- size-\" alt=\"\" srcset=\"https:\/\/www.wuud.lt\/wp-content\/uploads\/2021\/12\/Wuud-Brick-Visi-stalai-3.jpg 1125w, https:\/\/www.wuud.lt\/wp-content\/uploads\/2021\/12\/Wuud-Brick-Visi-stalai-3-300x400.jpg 300w, https:\/\/www.wuud.lt\/wp-content\/uploads\/2021\/12\/Wuud-Brick-Visi-stalai-3-600x800.jpg 600w, https:\/\/www.wuud.lt\/wp-content\/uploads\/2021\/12\/Wuud-Brick-Visi-stalai-3-768x1024.jpg 768w, https:\/\/www.wuud.lt\/wp-content\/uploads\/2021\/12\/Wuud-Brick-Visi-stalai-3-9x12.jpg 9w\" sizes=\"auto, (max-width: 1125px) 100vw, 1125px\" \/>\t\t\t\t\t\t\t\t\t\t\t<\/div>\n\t\t\t\t\t<\/div>\n\n\t\t<div class=\"box-text text-center\" >\n\t\t\t<div class=\"box-text-inner\">\n\t\t\t\t\n\n\n\t\t\t<\/div>\n\t\t<\/div>\n\t<\/div>\n\t\n\n\t\t<\/div>\n\t\t\t\t\t<\/div>\n\n\t\n\n\t<div id=\"col-2143787903\" class=\"col medium-4 small-12 large-4\"  >\n\t\t\t\t<div class=\"col-inner\"  >\n\t\t\t\n\t\t\t\n\n\t<div class=\"box has-hover   has-hover box-text-bottom\" >\n\n\t\t<div class=\"box-image\" >\n\t\t\t\t\t\t<div class=\"image-cover\" style=\"padding-top:100%;\">\n\t\t\t\t<img loading=\"lazy\" decoding=\"async\" width=\"1200\" height=\"500\" src=\"https:\/\/www.wuud.lt\/wp-content\/uploads\/2020\/11\/Slider-Time-Resistance-3.jpg\" class=\"attachment- size-\" alt=\"\" srcset=\"https:\/\/www.wuud.lt\/wp-content\/uploads\/2020\/11\/Slider-Time-Resistance-3.jpg 1200w, https:\/\/www.wuud.lt\/wp-content\/uploads\/2020\/11\/Slider-Time-Resistance-3-300x125.jpg 300w, https:\/\/www.wuud.lt\/wp-content\/uploads\/2020\/11\/Slider-Time-Resistance-3-600x250.jpg 600w, https:\/\/www.wuud.lt\/wp-content\/uploads\/2020\/11\/Slider-Time-Resistance-3-800x333.jpg 800w, https:\/\/www.wuud.lt\/wp-content\/uploads\/2020\/11\/Slider-Time-Resistance-3-768x320.jpg 768w\" sizes=\"auto, (max-width: 1200px) 100vw, 1200px\" \/>\t\t\t\t\t\t\t\t\t\t\t<\/div>\n\t\t\t\t\t<\/div>\n\n\t\t<div class=\"box-text text-center\" >\n\t\t\t<div class=\"box-text-inner\">\n\t\t\t\t\n\n\n\t\t\t<\/div>\n\t\t<\/div>\n\t<\/div>\n\t\n\n\t\t<\/div>\n\t\t\t\t\t<\/div>\n\n\t\n\n<\/div>\n<p style=\"text-align: center;\">Galutin\u0119 spalv\u0105 nustato alyvos spalva<br \/>Kiekviena lenta yra unikali, d\u0117l to galutinio produkto vaizdas skirsis nuo \u0161i\u0173 nuotrauk\u0173<\/p>\n\n\t\t<\/div>\n\n\t\t\n<style>\n#section_1537453868 {\n  padding-top: 60px;\n  padding-bottom: 60px;\n  min-height: 300px;\n  background-color: rgb(245, 245, 245);\n}\n<\/style>\n\t<\/section>","protected":false},"excerpt":{"rendered":"","protected":false},"author":1,"featured_media":0,"parent":0,"menu_order":0,"comment_status":"closed","ping_status":"closed","template":"page-transparent-header-light.php","meta":{"_glsr_average":0,"_glsr_ranking":0,"_glsr_reviews":0,"footnotes":""},"class_list":["post-1593","page","type-page","status-publish","hentry"],"yoast_head":"<!-- This site is optimized with the Yoast SEO plugin v23.8 - https:\/\/yoast.com\/wordpress\/plugins\/seo\/ -->\n<title>Medienos kokyb\u0117 W\u016b\u016bd gaminiuose - W\u016b\u016bd<\/title>\n<meta name=\"description\" content=\"Informacija apie W\u016b\u016bd gaminiuose naudojamos medienos kokyb\u0119 ir klases. J\u016bs\u0173 noru gaminame ir nestandartinius gaminius.\" \/>\n<meta name=\"robots\" content=\"noindex, follow\" \/>\n<meta property=\"og:locale\" content=\"en_US\" \/>\n<meta property=\"og:type\" content=\"article\" \/>\n<meta property=\"og:title\" content=\"Medienos kokyb\u0117 W\u016b\u016bd gaminiuose - W\u016b\u016bd\" \/>\n<meta property=\"og:description\" content=\"Informacija apie W\u016b\u016bd gaminiuose naudojamos medienos kokyb\u0119 ir klases. J\u016bs\u0173 noru gaminame ir nestandartinius gaminius.\" \/>\n<meta property=\"og:url\" content=\"https:\/\/www.wuud.lt\/en\/mediena\/\" \/>\n<meta property=\"og:site_name\" content=\"W\u016b\u016bd\" \/>\n<meta property=\"article:modified_time\" content=\"2025-06-05T17:08:22+00:00\" \/>\n<meta name=\"twitter:card\" content=\"summary_large_image\" \/>\n<meta name=\"twitter:label1\" content=\"Est. reading time\" \/>\n\t<meta name=\"twitter:data1\" content=\"3 minutes\" \/>\n<script type=\"application\/ld+json\" class=\"yoast-schema-graph\">{\"@context\":\"https:\/\/schema.org\",\"@graph\":[{\"@type\":\"WebPage\",\"@id\":\"https:\/\/www.wuud.lt\/mediena\/\",\"url\":\"https:\/\/www.wuud.lt\/mediena\/\",\"name\":\"Medienos kokyb\u0117 W\u016b\u016bd gaminiuose - W\u016b\u016bd\",\"isPartOf\":{\"@id\":\"https:\/\/www.wuud.lt\/#website\"},\"datePublished\":\"2021-03-23T16:15:57+00:00\",\"dateModified\":\"2025-06-05T17:08:22+00:00\",\"description\":\"Informacija apie W\u016b\u016bd gaminiuose naudojamos medienos kokyb\u0119 ir klases. J\u016bs\u0173 noru gaminame ir nestandartinius gaminius.\",\"breadcrumb\":{\"@id\":\"https:\/\/www.wuud.lt\/mediena\/#breadcrumb\"},\"inLanguage\":\"en-US\",\"potentialAction\":[{\"@type\":\"ReadAction\",\"target\":[\"https:\/\/www.wuud.lt\/mediena\/\"]}]},{\"@type\":\"BreadcrumbList\",\"@id\":\"https:\/\/www.wuud.lt\/mediena\/#breadcrumb\",\"itemListElement\":[{\"@type\":\"ListItem\",\"position\":1,\"name\":\"Home\",\"item\":\"https:\/\/www.wuud.lt\/\"},{\"@type\":\"ListItem\",\"position\":2,\"name\":\"Medienos kokyb\u0117 W\u016b\u016bd gaminiuose\"}]},{\"@type\":\"WebSite\",\"@id\":\"https:\/\/www.wuud.lt\/#website\",\"url\":\"https:\/\/www.wuud.lt\/\",\"name\":\"W\u016b\u016bd\",\"description\":\"Jaukiems Namams  ir Prakti&scaron;kiems Sprendimams\",\"publisher\":{\"@id\":\"https:\/\/www.wuud.lt\/#organization\"},\"potentialAction\":[{\"@type\":\"SearchAction\",\"target\":{\"@type\":\"EntryPoint\",\"urlTemplate\":\"https:\/\/www.wuud.lt\/?s={search_term_string}\"},\"query-input\":{\"@type\":\"PropertyValueSpecification\",\"valueRequired\":true,\"valueName\":\"search_term_string\"}}],\"inLanguage\":\"en-US\"},{\"@type\":\"Organization\",\"@id\":\"https:\/\/www.wuud.lt\/#organization\",\"name\":\"W\u016b\u016bd\",\"url\":\"https:\/\/www.wuud.lt\/\",\"logo\":{\"@type\":\"ImageObject\",\"inLanguage\":\"en-US\",\"@id\":\"https:\/\/www.wuud.lt\/#\/schema\/logo\/image\/\",\"url\":\"https:\/\/www.wuud.lt\/wp-content\/uploads\/2020\/08\/Wuud-logo-layered.png\",\"contentUrl\":\"https:\/\/www.wuud.lt\/wp-content\/uploads\/2020\/08\/Wuud-logo-layered.png\",\"width\":800,\"height\":450,\"caption\":\"W\u016b\u016bd\"},\"image\":{\"@id\":\"https:\/\/www.wuud.lt\/#\/schema\/logo\/image\/\"}}]}<\/script>\n<!-- \/ Yoast SEO plugin. -->","yoast_head_json":{"title":"Medienos kokyb\u0117 W\u016b\u016bd gaminiuose - W\u016b\u016bd","description":"Informacija apie W\u016b\u016bd gaminiuose naudojamos medienos kokyb\u0119 ir klases. J\u016bs\u0173 noru gaminame ir nestandartinius gaminius.","robots":{"index":"noindex","follow":"follow"},"og_locale":"en_US","og_type":"article","og_title":"Medienos kokyb\u0117 W\u016b\u016bd gaminiuose - W\u016b\u016bd","og_description":"Informacija apie W\u016b\u016bd gaminiuose naudojamos medienos kokyb\u0119 ir klases. J\u016bs\u0173 noru gaminame ir nestandartinius gaminius.","og_url":"https:\/\/www.wuud.lt\/en\/mediena\/","og_site_name":"W\u016b\u016bd","article_modified_time":"2025-06-05T17:08:22+00:00","twitter_card":"summary_large_image","twitter_misc":{"Est. reading time":"3 minutes"},"schema":{"@context":"https:\/\/schema.org","@graph":[{"@type":"WebPage","@id":"https:\/\/www.wuud.lt\/mediena\/","url":"https:\/\/www.wuud.lt\/mediena\/","name":"Medienos kokyb\u0117 W\u016b\u016bd gaminiuose - W\u016b\u016bd","isPartOf":{"@id":"https:\/\/www.wuud.lt\/#website"},"datePublished":"2021-03-23T16:15:57+00:00","dateModified":"2025-06-05T17:08:22+00:00","description":"Informacija apie W\u016b\u016bd gaminiuose naudojamos medienos kokyb\u0119 ir klases. J\u016bs\u0173 noru gaminame ir nestandartinius gaminius.","breadcrumb":{"@id":"https:\/\/www.wuud.lt\/mediena\/#breadcrumb"},"inLanguage":"en-US","potentialAction":[{"@type":"ReadAction","target":["https:\/\/www.wuud.lt\/mediena\/"]}]},{"@type":"BreadcrumbList","@id":"https:\/\/www.wuud.lt\/mediena\/#breadcrumb","itemListElement":[{"@type":"ListItem","position":1,"name":"Home","item":"https:\/\/www.wuud.lt\/"},{"@type":"ListItem","position":2,"name":"Medienos kokyb\u0117 W\u016b\u016bd gaminiuose"}]},{"@type":"WebSite","@id":"https:\/\/www.wuud.lt\/#website","url":"https:\/\/www.wuud.lt\/","name":"W\u016b\u016bd","description":"Jaukiems Namams  ir Prakti&scaron;kiems Sprendimams","publisher":{"@id":"https:\/\/www.wuud.lt\/#organization"},"potentialAction":[{"@type":"SearchAction","target":{"@type":"EntryPoint","urlTemplate":"https:\/\/www.wuud.lt\/?s={search_term_string}"},"query-input":{"@type":"PropertyValueSpecification","valueRequired":true,"valueName":"search_term_string"}}],"inLanguage":"en-US"},{"@type":"Organization","@id":"https:\/\/www.wuud.lt\/#organization","name":"W\u016b\u016bd","url":"https:\/\/www.wuud.lt\/","logo":{"@type":"ImageObject","inLanguage":"en-US","@id":"https:\/\/www.wuud.lt\/#\/schema\/logo\/image\/","url":"https:\/\/www.wuud.lt\/wp-content\/uploads\/2020\/08\/Wuud-logo-layered.png","contentUrl":"https:\/\/www.wuud.lt\/wp-content\/uploads\/2020\/08\/Wuud-logo-layered.png","width":800,"height":450,"caption":"W\u016b\u016bd"},"image":{"@id":"https:\/\/www.wuud.lt\/#\/schema\/logo\/image\/"}}]}},"jetpack_sharing_enabled":true,"_links":{"self":[{"href":"https:\/\/www.wuud.lt\/en\/wp-json\/wp\/v2\/pages\/1593","targetHints":{"allow":["GET"]}}],"collection":[{"href":"https:\/\/www.wuud.lt\/en\/wp-json\/wp\/v2\/pages"}],"about":[{"href":"https:\/\/www.wuud.lt\/en\/wp-json\/wp\/v2\/types\/page"}],"author":[{"embeddable":true,"href":"https:\/\/www.wuud.lt\/en\/wp-json\/wp\/v2\/users\/1"}],"replies":[{"embeddable":true,"href":"https:\/\/www.wuud.lt\/en\/wp-json\/wp\/v2\/comments?post=1593"}],"version-history":[{"count":17,"href":"https:\/\/www.wuud.lt\/en\/wp-json\/wp\/v2\/pages\/1593\/revisions"}],"predecessor-version":[{"id":1618,"href":"https:\/\/www.wuud.lt\/en\/wp-json\/wp\/v2\/pages\/1593\/revisions\/1618"}],"wp:attachment":[{"href":"https:\/\/www.wuud.lt\/en\/wp-json\/wp\/v2\/media?parent=1593"}],"curies":[{"name":"wp","href":"https:\/\/api.w.org\/{rel}","templated":true}]}}