{"id":470,"date":"2020-11-02T01:10:39","date_gmt":"2020-11-02T01:10:39","guid":{"rendered":"https:\/\/www.wuud.lt\/?page_id=470"},"modified":"2020-11-15T12:10:30","modified_gmt":"2020-11-15T12:10:30","slug":"kontaktai","status":"publish","type":"page","link":"https:\/\/www.wuud.lt\/en\/kontaktai\/","title":{"rendered":"Contact Us"},"content":{"rendered":"<section class=\"section\" id=\"section_309211756\">\n\t\t<div class=\"section-bg fill\" >\n\t\t\t<img loading=\"lazy\" decoding=\"async\" width=\"1920\" height=\"1280\" src=\"https:\/\/www.wuud.lt\/wp-content\/uploads\/2020\/11\/kelly-sikkema-O5XJoxrYbQo-unsplash.jpg\" class=\"bg attachment- size-\" alt=\"\" \/>\t\t\t\t\t\t<div class=\"section-bg-overlay absolute fill\"><\/div>\n\t\t\t\n\t<div class=\"is-border\"\n\t\tstyle=\"border-color:rgb(235, 235, 235);border-width:0px 0px 0px 0px;\">\n\t<\/div>\n\n\t\t<\/div>\n\n\t\t\n\n\t\t<div class=\"section-content relative\">\n\t\t\t\n\n<div class=\"row\"  id=\"row-1373911534\">\n\n\n\t<div id=\"col-1473375022\" class=\"col small-12 large-12\"  >\n\t\t\t\t<div class=\"col-inner\"  >\n\t\t\t\n\t\t\t\n\n\n\t\t<\/div>\n\t\t\t\t\n<style>\n#col-1473375022 > .col-inner {\n  max-width: 0px;\n}\n<\/style>\n\t<\/div>\n\n\t\n\n<\/div>\n<div class=\"row\"  id=\"row-1570818649\">\n\n\n\t<div id=\"col-1418882531\" class=\"col small-12 large-12\"  >\n\t\t\t\t<div class=\"col-inner\"  >\n\t\t\t\n\t\t\t\n\n<div class=\"row\"  id=\"row-1171845102\">\n\n\n\t<div id=\"col-1290180487\" class=\"col small-12 large-12\"  >\n\t\t\t\t<div class=\"col-inner\"  >\n\t\t\t\n\t\t\t\n\n\n\t\t<\/div>\n\t\t\t\t\t<\/div>\n\n\t\n\n<\/div>\n<div class=\"container section-title-container\" ><h3 class=\"section-title section-title-center\"><b><\/b><span class=\"section-title-main\" style=\"color:rgb(255, 255, 255);\">Contact us in a way that suits you<\/span><b><\/b><\/h3><\/div>\n\n\n\t\t<\/div>\n\t\t\t\t\t<\/div>\n\n\t\n\n<\/div>\n<div class=\"row row-large align-middle align-center\"  id=\"row-1507065245\">\n\n\n\t<div id=\"col-1972256592\" class=\"col medium-6 small-12 large-6\"  >\n\t\t\t\t<div class=\"col-inner box-shadow-2 box-shadow-5-hover\"  >\n\t\t\t\n\t\t\t\n\n\n<div class=\"wpcf7 no-js\" id=\"wpcf7-f473-o1\" lang=\"en\" dir=\"ltr\" data-wpcf7-id=\"473\">\n<div class=\"screen-reader-response\"><p role=\"status\" aria-live=\"polite\" aria-atomic=\"true\"><\/p> <ul><\/ul><\/div>\n<form action=\"\/wp-json\/wp\/v2\/pages\/470\" method=\"post\" class=\"wpcf7-form init\" aria-label=\"Contact form\" enctype=\"multipart\/form-data\" novalidate=\"novalidate\" data-status=\"init\" data-trp-original-action=\"\/en\/wp-json\/wp\/v2\/pages\/470#wpcf7-f473-o1\">\n<div style=\"display: none;\">\n<input type=\"hidden\" name=\"_wpcf7\" value=\"473\" \/>\n<input type=\"hidden\" name=\"_wpcf7_version\" value=\"6.0\" \/>\n<input type=\"hidden\" name=\"_wpcf7_locale\" value=\"en\" \/>\n<input type=\"hidden\" name=\"_wpcf7_unit_tag\" value=\"wpcf7-f473-o1\" \/>\n<input type=\"hidden\" name=\"_wpcf7_container_post\" value=\"0\" \/>\n<input type=\"hidden\" name=\"_wpcf7_posted_data_hash\" value=\"\" \/>\n<input type=\"hidden\" name=\"_wpcf7_recaptcha_response\" value=\"\" \/>\n<\/div>\n<p><label><br \/>\n<span class=\"wpcf7-form-control-wrap\" data-name=\"your-name\"><input size=\"40\" maxlength=\"400\" class=\"wpcf7-form-control wpcf7-text wpcf7-validates-as-required\" aria-required=\"true\" aria-invalid=\"false\" placeholder=\"Name and Surname\" value=\"\" type=\"text\" name=\"your-name\" \/><\/span> <\/label>\n<\/p>\n<p><label><br \/>\n<span class=\"wpcf7-form-control-wrap\" data-name=\"your-email\"><input size=\"40\" maxlength=\"400\" class=\"wpcf7-form-control wpcf7-email wpcf7-validates-as-required wpcf7-text wpcf7-validates-as-email\" aria-required=\"true\" aria-invalid=\"false\" placeholder=\"Email\" value=\"\" type=\"email\" name=\"your-email\" \/><\/span> <\/label>\n<\/p>\n<p><label><br \/>\n<span class=\"wpcf7-form-control-wrap\" data-name=\"your-telephone\"><input size=\"40\" maxlength=\"140\" minlength=\"8\" class=\"wpcf7-form-control wpcf7-tel wpcf7-validates-as-required wpcf7-text wpcf7-validates-as-tel\" aria-required=\"true\" aria-invalid=\"false\" placeholder=\"Phone no.\" value=\"\" type=\"tel\" name=\"your-telephone\" \/><\/span> <\/label>\n<\/p>\n<p><label><br \/>\n<span class=\"wpcf7-form-control-wrap\" data-name=\"your-subject\"><input size=\"40\" maxlength=\"400\" class=\"wpcf7-form-control wpcf7-text wpcf7-validates-as-required\" aria-required=\"true\" aria-invalid=\"false\" placeholder=\"Topic\" value=\"\" type=\"text\" name=\"your-subject\" \/><\/span> <\/label>\n<\/p>\n<p><label><br \/>\n<span class=\"wpcf7-form-control-wrap\" data-name=\"your-message\"><textarea cols=\"40\" rows=\"10\" maxlength=\"2000\" class=\"wpcf7-form-control wpcf7-textarea\" aria-invalid=\"false\" placeholder=\"Description\" name=\"your-message\"><\/textarea><\/span> <\/label>\n<\/p>\n<p><label> Attach a file<br \/>\n<span class=\"wpcf7-form-control-wrap\" data-name=\"file-159\"><input size=\"40\" class=\"wpcf7-form-control wpcf7-file\" accept=\"audio\/*,video\/*,image\/*\" aria-invalid=\"false\" type=\"file\" name=\"file-159\" \/><\/span> <\/label>\n<\/p>\n<p><div class=\"cf7-cf-turnstile\" style=\"margin-top: 0px; margin-bottom: -15px;\"> <div id=\"cf-turnstile-cf7-1463071721\" class=\"cf-turnstile\" data-sitekey=\"0x4AAAAAAAg-xyaXhhkxZb7Y\" data-theme=\"light\" data-language=\"auto\" data-size=\"\" data-retry=\"auto\" data-retry-interval=\"1000\" data-action=\"contact-form-7\" data-appearance=\"always\"><\/div> <script>document.addEventListener(\"DOMContentLoaded\",(function(){var e=document.getElementById(\"cf-turnstile-cf7-1463071721\");e&&!e.innerHTML.trim()&&(turnstile.remove(\"#cf-turnstile-cf7-1463071721\"),turnstile.render(\"#cf-turnstile-cf7-1463071721\",{sitekey:\"0x4AAAAAAAg-xyaXhhkxZb7Y\"}))}));<\/script> <br class=\"cf-turnstile-br cf-turnstile-br-cf7-1463071721\"> <style>#cf-turnstile-cf7-1463071721 { margin-left: -15px; }<\/style> <script>document.addEventListener(\"DOMContentLoaded\",function(){document.querySelectorAll('.wpcf7-form').forEach(function(e){e.addEventListener('submit',function(){if(document.getElementById('cf-turnstile-cf7-1463071721')){setTimeout(function(){turnstile.reset('#cf-turnstile-cf7-1463071721');},1000)}})})});<\/script> <\/div><br\/><input class=\"wpcf7-form-control wpcf7-submit has-spinner\" type=\"submit\" value=\"Send\" \/>\n<\/p><div class=\"wpcf7-response-output\" aria-hidden=\"true\"><\/div>\n<input type=\"hidden\" name=\"trp-form-language\" value=\"en\"\/><\/form>\n<\/div>\n\n\n\t\t<\/div>\n\t\t\t\t\n<style>\n#col-1972256592 > .col-inner {\n  padding: 15px 15px 15px 15px;\n}\n<\/style>\n\t<\/div>\n\n\t\n\n\t<div id=\"col-1358640953\" class=\"col medium-6 small-12 large-6\"  >\n\t\t\t\t<div class=\"col-inner text-center dark\"  >\n\t\t\t\n\t\t\t\n\n\n\t<a class=\"plain\" href=\"tel:  37068710219\" >\t<div class=\"icon-box featured-box icon-box-center text-center\"  >\n\t\t\t\t\t<div class=\"icon-box-img\" style=\"width: 60px\">\n\t\t\t\t<div class=\"icon\">\n\t\t\t\t\t<div class=\"icon-inner\" >\n\t\t\t\t\t\t<img loading=\"lazy\" decoding=\"async\" width=\"300\" height=\"300\" src=\"https:\/\/www.wuud.lt\/wp-content\/uploads\/2020\/11\/Phone-icon.png\" class=\"attachment-medium size-medium\" alt=\"\" srcset=\"https:\/\/www.wuud.lt\/wp-content\/uploads\/2020\/11\/Phone-icon.png 300w, https:\/\/www.wuud.lt\/wp-content\/uploads\/2020\/11\/Phone-icon-100x100.png 100w, https:\/\/www.wuud.lt\/wp-content\/uploads\/2020\/11\/Phone-icon-280x280.png 280w\" sizes=\"auto, (max-width: 300px) 100vw, 300px\" \/>\t\t\t\t\t<\/div>\n\t\t\t\t<\/div>\n\t\t\t<\/div>\n\t\t\t\t<div class=\"icon-box-text last-reset\">\n\t\t\t\t\t\t\t\t\t\n\n<h1><a class=\"thin-font\" href=\"tel: 37068710219\">+370 687 10219<\/a><\/h1>\n\n\t\t<\/div>\n\t<\/div>\n\t<\/a>\n\t\n<div class=\"row\"  id=\"row-1699172137\">\n\n\n\t<div id=\"col-766031625\" class=\"col small-12 large-12\"  >\n\t\t\t\t<div class=\"col-inner\"  >\n\t\t\t\n\t\t\t\n\n<p>I \u2013 V\u00a0 \u00a0 10.00 \u2013 20.00 h<\/p>\n\n\t\t<\/div>\n\t\t\t\t\t<\/div>\n\n\t\n\n<\/div>\n\n\t<a class=\"plain\" href=\"mailto: info@wuud.lt\" >\t<div class=\"icon-box featured-box icon-box-center text-center\"  >\n\t\t\t\t\t<div class=\"icon-box-img\" style=\"width: 60px\">\n\t\t\t\t<div class=\"icon\">\n\t\t\t\t\t<div class=\"icon-inner\" >\n\t\t\t\t\t\t<img loading=\"lazy\" decoding=\"async\" width=\"300\" height=\"300\" src=\"https:\/\/www.wuud.lt\/wp-content\/uploads\/2020\/11\/Mail-icon.png\" class=\"attachment-medium size-medium\" alt=\"\" srcset=\"https:\/\/www.wuud.lt\/wp-content\/uploads\/2020\/11\/Mail-icon.png 300w, https:\/\/www.wuud.lt\/wp-content\/uploads\/2020\/11\/Mail-icon-100x100.png 100w, https:\/\/www.wuud.lt\/wp-content\/uploads\/2020\/11\/Mail-icon-280x280.png 280w\" sizes=\"auto, (max-width: 300px) 100vw, 300px\" \/>\t\t\t\t\t<\/div>\n\t\t\t\t<\/div>\n\t\t\t<\/div>\n\t\t\t\t<div class=\"icon-box-text last-reset\">\n\t\t\t\t\t\t\t\t\t\n\n<h1><a class=\"thin-font\" href=\"mailto:info@wuud.lt\"> info@wuud.lt<\/a><\/h1>\n\n\t\t<\/div>\n\t<\/div>\n\t<\/a>\n\t\n\n\t\t<\/div>\n\t\t\t\t\t<\/div>\n\n\t\n\n<\/div>\n\n\t\t<\/div>\n\n\t\t\n<style>\n#section_309211756 {\n  padding-top: 59px;\n  padding-bottom: 59px;\n  margin-bottom: 0px;\n  min-height: 300px;\n  background-color: rgb(171, 171, 171);\n}\n#section_309211756 .section-bg-overlay {\n  background-color: rgba(0, 0, 0, 0.45);\n}\n#section_309211756 .section-bg img {\n  object-position: 66% 63%;\n}\n<\/style>\n\t<\/section>","protected":false},"excerpt":{"rendered":"","protected":false},"author":1,"featured_media":269,"parent":0,"menu_order":0,"comment_status":"closed","ping_status":"closed","template":"page-transparent-header-light.php","meta":{"_glsr_average":0,"_glsr_ranking":0,"_glsr_reviews":0,"footnotes":""},"class_list":["post-470","page","type-page","status-publish","has-post-thumbnail","hentry"],"yoast_head":"<!-- This site is optimized with the Yoast SEO plugin v23.8 - https:\/\/yoast.com\/wordpress\/plugins\/seo\/ -->\n<title>Kontaktai - W\u016b\u016bd - Jaukiems Namams ir Prakti&scaron;kiems Sprendimams<\/title>\n<meta name=\"description\" content=\"Turite klausim\u0173 d\u0117l laipt\u0173, bald\u0173, bei kit\u0173 gamini\u0173, ar norie su\u017einoti daugiau apie W\u016b\u016bd? Susisiekite su mumis Jums patogiu b\u016bdu.\" \/>\n<meta name=\"robots\" content=\"index, follow, max-snippet:-1, max-image-preview:large, max-video-preview:-1\" \/>\n<link rel=\"canonical\" href=\"https:\/\/www.wuud.lt\/en\/kontaktai\/\" \/>\n<meta property=\"og:locale\" content=\"en_US\" \/>\n<meta property=\"og:type\" content=\"article\" \/>\n<meta property=\"og:title\" content=\"Kontaktai - W\u016b\u016bd - Jaukiems Namams ir Prakti&scaron;kiems Sprendimams\" \/>\n<meta property=\"og:description\" content=\"Turite klausim\u0173 d\u0117l laipt\u0173, bald\u0173, bei kit\u0173 gamini\u0173, ar norie su\u017einoti daugiau apie W\u016b\u016bd? Susisiekite su mumis Jums patogiu b\u016bdu.\" \/>\n<meta property=\"og:url\" content=\"https:\/\/www.wuud.lt\/en\/kontaktai\/\" \/>\n<meta property=\"og:site_name\" content=\"W\u016b\u016bd\" \/>\n<meta property=\"article:modified_time\" content=\"2020-11-15T12:10:30+00:00\" \/>\n<meta property=\"og:image\" content=\"https:\/\/www.wuud.lt\/wp-content\/uploads\/2020\/08\/Wuud-logo-layered.png\" \/>\n\t<meta property=\"og:image:width\" content=\"800\" \/>\n\t<meta property=\"og:image:height\" content=\"450\" \/>\n\t<meta property=\"og:image:type\" content=\"image\/png\" \/>\n<meta name=\"twitter:card\" content=\"summary_large_image\" \/>\n<meta name=\"twitter:label1\" content=\"Est. reading time\" \/>\n\t<meta name=\"twitter:data1\" content=\"1 minute\" \/>\n<script type=\"application\/ld+json\" class=\"yoast-schema-graph\">{\"@context\":\"https:\/\/schema.org\",\"@graph\":[{\"@type\":\"WebPage\",\"@id\":\"https:\/\/www.wuud.lt\/kontaktai\/\",\"url\":\"https:\/\/www.wuud.lt\/kontaktai\/\",\"name\":\"Kontaktai - W\u016b\u016bd - Jaukiems Namams ir Prakti&scaron;kiems Sprendimams\",\"isPartOf\":{\"@id\":\"https:\/\/www.wuud.lt\/#website\"},\"primaryImageOfPage\":{\"@id\":\"https:\/\/www.wuud.lt\/kontaktai\/#primaryimage\"},\"image\":{\"@id\":\"https:\/\/www.wuud.lt\/kontaktai\/#primaryimage\"},\"thumbnailUrl\":\"https:\/\/www.wuud.lt\/wp-content\/uploads\/2020\/08\/Wuud-logo-layered.png\",\"datePublished\":\"2020-11-02T01:10:39+00:00\",\"dateModified\":\"2020-11-15T12:10:30+00:00\",\"description\":\"Turite klausim\u0173 d\u0117l laipt\u0173, bald\u0173, bei kit\u0173 gamini\u0173, ar norie su\u017einoti daugiau apie W\u016b\u016bd? Susisiekite su mumis Jums patogiu b\u016bdu.\",\"breadcrumb\":{\"@id\":\"https:\/\/www.wuud.lt\/kontaktai\/#breadcrumb\"},\"inLanguage\":\"en-US\",\"potentialAction\":[{\"@type\":\"ReadAction\",\"target\":[\"https:\/\/www.wuud.lt\/kontaktai\/\"]}]},{\"@type\":\"ImageObject\",\"inLanguage\":\"en-US\",\"@id\":\"https:\/\/www.wuud.lt\/kontaktai\/#primaryimage\",\"url\":\"https:\/\/www.wuud.lt\/wp-content\/uploads\/2020\/08\/Wuud-logo-layered.png\",\"contentUrl\":\"https:\/\/www.wuud.lt\/wp-content\/uploads\/2020\/08\/Wuud-logo-layered.png\",\"width\":800,\"height\":450,\"caption\":\"Logo\"},{\"@type\":\"BreadcrumbList\",\"@id\":\"https:\/\/www.wuud.lt\/kontaktai\/#breadcrumb\",\"itemListElement\":[{\"@type\":\"ListItem\",\"position\":1,\"name\":\"Home\",\"item\":\"https:\/\/www.wuud.lt\/\"},{\"@type\":\"ListItem\",\"position\":2,\"name\":\"Kontaktai\"}]},{\"@type\":\"WebSite\",\"@id\":\"https:\/\/www.wuud.lt\/#website\",\"url\":\"https:\/\/www.wuud.lt\/\",\"name\":\"W\u016b\u016bd\",\"description\":\"Jaukiems Namams  ir Prakti&scaron;kiems Sprendimams\",\"publisher\":{\"@id\":\"https:\/\/www.wuud.lt\/#organization\"},\"potentialAction\":[{\"@type\":\"SearchAction\",\"target\":{\"@type\":\"EntryPoint\",\"urlTemplate\":\"https:\/\/www.wuud.lt\/?s={search_term_string}\"},\"query-input\":{\"@type\":\"PropertyValueSpecification\",\"valueRequired\":true,\"valueName\":\"search_term_string\"}}],\"inLanguage\":\"en-US\"},{\"@type\":\"Organization\",\"@id\":\"https:\/\/www.wuud.lt\/#organization\",\"name\":\"W\u016b\u016bd\",\"url\":\"https:\/\/www.wuud.lt\/\",\"logo\":{\"@type\":\"ImageObject\",\"inLanguage\":\"en-US\",\"@id\":\"https:\/\/www.wuud.lt\/#\/schema\/logo\/image\/\",\"url\":\"https:\/\/www.wuud.lt\/wp-content\/uploads\/2020\/08\/Wuud-logo-layered.png\",\"contentUrl\":\"https:\/\/www.wuud.lt\/wp-content\/uploads\/2020\/08\/Wuud-logo-layered.png\",\"width\":800,\"height\":450,\"caption\":\"W\u016b\u016bd\"},\"image\":{\"@id\":\"https:\/\/www.wuud.lt\/#\/schema\/logo\/image\/\"}}]}<\/script>\n<!-- \/ Yoast SEO plugin. -->","yoast_head_json":{"title":"Kontaktai - W\u016b\u016bd - Jaukiems Namams ir Prakti&scaron;kiems Sprendimams","description":"Turite klausim\u0173 d\u0117l laipt\u0173, bald\u0173, bei kit\u0173 gamini\u0173, ar norie su\u017einoti daugiau apie W\u016b\u016bd? Susisiekite su mumis Jums patogiu b\u016bdu.","robots":{"index":"index","follow":"follow","max-snippet":"max-snippet:-1","max-image-preview":"max-image-preview:large","max-video-preview":"max-video-preview:-1"},"canonical":"https:\/\/www.wuud.lt\/en\/kontaktai\/","og_locale":"en_US","og_type":"article","og_title":"Kontaktai - W\u016b\u016bd - Jaukiems Namams ir Prakti&scaron;kiems Sprendimams","og_description":"Turite klausim\u0173 d\u0117l laipt\u0173, bald\u0173, bei kit\u0173 gamini\u0173, ar norie su\u017einoti daugiau apie W\u016b\u016bd? Susisiekite su mumis Jums patogiu b\u016bdu.","og_url":"https:\/\/www.wuud.lt\/en\/kontaktai\/","og_site_name":"W\u016b\u016bd","article_modified_time":"2020-11-15T12:10:30+00:00","og_image":[{"width":800,"height":450,"url":"https:\/\/www.wuud.lt\/wp-content\/uploads\/2020\/08\/Wuud-logo-layered.png","type":"image\/png"}],"twitter_card":"summary_large_image","twitter_misc":{"Est. reading time":"1 minute"},"schema":{"@context":"https:\/\/schema.org","@graph":[{"@type":"WebPage","@id":"https:\/\/www.wuud.lt\/kontaktai\/","url":"https:\/\/www.wuud.lt\/kontaktai\/","name":"Kontaktai - W\u016b\u016bd - Jaukiems Namams ir Prakti&scaron;kiems Sprendimams","isPartOf":{"@id":"https:\/\/www.wuud.lt\/#website"},"primaryImageOfPage":{"@id":"https:\/\/www.wuud.lt\/kontaktai\/#primaryimage"},"image":{"@id":"https:\/\/www.wuud.lt\/kontaktai\/#primaryimage"},"thumbnailUrl":"https:\/\/www.wuud.lt\/wp-content\/uploads\/2020\/08\/Wuud-logo-layered.png","datePublished":"2020-11-02T01:10:39+00:00","dateModified":"2020-11-15T12:10:30+00:00","description":"Turite klausim\u0173 d\u0117l laipt\u0173, bald\u0173, bei kit\u0173 gamini\u0173, ar norie su\u017einoti daugiau apie W\u016b\u016bd? Susisiekite su mumis Jums patogiu b\u016bdu.","breadcrumb":{"@id":"https:\/\/www.wuud.lt\/kontaktai\/#breadcrumb"},"inLanguage":"en-US","potentialAction":[{"@type":"ReadAction","target":["https:\/\/www.wuud.lt\/kontaktai\/"]}]},{"@type":"ImageObject","inLanguage":"en-US","@id":"https:\/\/www.wuud.lt\/kontaktai\/#primaryimage","url":"https:\/\/www.wuud.lt\/wp-content\/uploads\/2020\/08\/Wuud-logo-layered.png","contentUrl":"https:\/\/www.wuud.lt\/wp-content\/uploads\/2020\/08\/Wuud-logo-layered.png","width":800,"height":450,"caption":"Logo"},{"@type":"BreadcrumbList","@id":"https:\/\/www.wuud.lt\/kontaktai\/#breadcrumb","itemListElement":[{"@type":"ListItem","position":1,"name":"Home","item":"https:\/\/www.wuud.lt\/"},{"@type":"ListItem","position":2,"name":"Kontaktai"}]},{"@type":"WebSite","@id":"https:\/\/www.wuud.lt\/#website","url":"https:\/\/www.wuud.lt\/","name":"W\u016b\u016bd","description":"Jaukiems Namams  ir Prakti&scaron;kiems Sprendimams","publisher":{"@id":"https:\/\/www.wuud.lt\/#organization"},"potentialAction":[{"@type":"SearchAction","target":{"@type":"EntryPoint","urlTemplate":"https:\/\/www.wuud.lt\/?s={search_term_string}"},"query-input":{"@type":"PropertyValueSpecification","valueRequired":true,"valueName":"search_term_string"}}],"inLanguage":"en-US"},{"@type":"Organization","@id":"https:\/\/www.wuud.lt\/#organization","name":"W\u016b\u016bd","url":"https:\/\/www.wuud.lt\/","logo":{"@type":"ImageObject","inLanguage":"en-US","@id":"https:\/\/www.wuud.lt\/#\/schema\/logo\/image\/","url":"https:\/\/www.wuud.lt\/wp-content\/uploads\/2020\/08\/Wuud-logo-layered.png","contentUrl":"https:\/\/www.wuud.lt\/wp-content\/uploads\/2020\/08\/Wuud-logo-layered.png","width":800,"height":450,"caption":"W\u016b\u016bd"},"image":{"@id":"https:\/\/www.wuud.lt\/#\/schema\/logo\/image\/"}}]}},"jetpack_sharing_enabled":true,"_links":{"self":[{"href":"https:\/\/www.wuud.lt\/en\/wp-json\/wp\/v2\/pages\/470","targetHints":{"allow":["GET"]}}],"collection":[{"href":"https:\/\/www.wuud.lt\/en\/wp-json\/wp\/v2\/pages"}],"about":[{"href":"https:\/\/www.wuud.lt\/en\/wp-json\/wp\/v2\/types\/page"}],"author":[{"embeddable":true,"href":"https:\/\/www.wuud.lt\/en\/wp-json\/wp\/v2\/users\/1"}],"replies":[{"embeddable":true,"href":"https:\/\/www.wuud.lt\/en\/wp-json\/wp\/v2\/comments?post=470"}],"version-history":[{"count":32,"href":"https:\/\/www.wuud.lt\/en\/wp-json\/wp\/v2\/pages\/470\/revisions"}],"predecessor-version":[{"id":1187,"href":"https:\/\/www.wuud.lt\/en\/wp-json\/wp\/v2\/pages\/470\/revisions\/1187"}],"wp:featuredmedia":[{"embeddable":true,"href":"https:\/\/www.wuud.lt\/en\/wp-json\/wp\/v2\/media\/269"}],"wp:attachment":[{"href":"https:\/\/www.wuud.lt\/en\/wp-json\/wp\/v2\/media?parent=470"}],"curies":[{"name":"wp","href":"https:\/\/api.w.org\/{rel}","templated":true}]}}