{"id":658,"date":"2020-11-03T16:33:58","date_gmt":"2020-11-03T16:33:58","guid":{"rendered":"https:\/\/www.wuud.lt\/?page_id=658"},"modified":"2025-06-05T17:42:33","modified_gmt":"2025-06-05T17:42:33","slug":"apie","status":"publish","type":"page","link":"https:\/\/www.wuud.lt\/en\/apie\/","title":{"rendered":"Apie"},"content":{"rendered":"<div class=\"banner has-hover\" id=\"banner-1246427321\">\n          <div class=\"banner-inner fill\">\n        <div class=\"banner-bg fill\" >\n            <img loading=\"lazy\" decoding=\"async\" width=\"1020\" height=\"602\" src=\"https:\/\/www.wuud.lt\/wp-content\/uploads\/2020\/11\/alexander-andrews-c91LS-JK7cw-unsplash-1356x800.jpg\" class=\"bg attachment-large size-large\" alt=\"\" \/>                        <div class=\"overlay\"><\/div>            \n                    <\/div>\n\t\t\n        <div class=\"banner-layers container\">\n            <div class=\"fill banner-link\"><\/div>            \n\n   <div id=\"text-box-1908436762\" class=\"text-box banner-layer x50 md-x50 lg-x50 y75 md-y75 lg-y75 res-text\">\n                                <div class=\"text-box-content text dark\">\n              \n              <div class=\"text-inner text-center\">\n                  \n\n<h2 class=\"uppercase\">Story of W\u016b\u016bd<\/h2>\n\n              <\/div>\n           <\/div>\n                            \n<style>\n#text-box-1908436762 {\n  width: 80%;\n}\n#text-box-1908436762 .text-box-content {\n  font-size: 100%;\n}\n<\/style>\n    <\/div>\n \n\n        <\/div>\n      <\/div>\n\n            \n<style>\n#banner-1246427321 {\n  padding-top: 400px;\n}\n#banner-1246427321 .overlay {\n  background-color: rgba(0, 0, 0, 0.2);\n}\n#banner-1246427321 .banner-bg img {\n  object-position: 21% 26%;\n}\n<\/style>\n  <\/div>\n\n\n<div class=\"row row-collapse row-full-width\"  id=\"row-72450430\">\n\n\n\t<div id=\"col-326597289\" class=\"col medium-4 large-4\"  >\n\t\t\t\t<div class=\"col-inner\"  >\n\t\t\t\n\t\t\t\n\n\t<div class=\"box has-hover   has-hover box-overlay dark box-text-bottom\" >\n\n\t\t<div class=\"box-image\" >\n\t\t\t\t\t\t<div class=\"image-cover\" style=\"padding-top:170%;\">\n\t\t\t\t<img loading=\"lazy\" decoding=\"async\" width=\"854\" height=\"500\" src=\"https:\/\/www.wuud.lt\/wp-content\/uploads\/2020\/11\/Ziedai-2-wuud.jpg\" class=\"attachment- size-\" alt=\"\" srcset=\"https:\/\/www.wuud.lt\/wp-content\/uploads\/2020\/11\/Ziedai-2-wuud.jpg 854w, https:\/\/www.wuud.lt\/wp-content\/uploads\/2020\/11\/Ziedai-2-wuud-300x176.jpg 300w, https:\/\/www.wuud.lt\/wp-content\/uploads\/2020\/11\/Ziedai-2-wuud-600x351.jpg 600w, https:\/\/www.wuud.lt\/wp-content\/uploads\/2020\/11\/Ziedai-2-wuud-683x400.jpg 683w, https:\/\/www.wuud.lt\/wp-content\/uploads\/2020\/11\/Ziedai-2-wuud-768x450.jpg 768w, https:\/\/www.wuud.lt\/wp-content\/uploads\/2020\/11\/Ziedai-2-wuud-16x9.jpg 16w\" sizes=\"auto, (max-width: 854px) 100vw, 854px\" \/>\t\t\t\t<div class=\"overlay\" style=\"background-color:1\"><\/div>\t\t\t\t\t\t\t<\/div>\n\t\t\t\t\t<\/div>\n\n\t\t<div class=\"box-text text-center\" style=\"background-color:rgba(0, 0, 0, 0.7);\">\n\t\t\t<div class=\"box-text-inner\">\n\t\t\t\t\n\n<h3 class=\"uppercase\" style=\"text-align: center;\">Begining<\/h3>\n<p style=\"text-align: center;\">W\u016b\u016bd saw the light of day as a wooden jewelry brand in 2015. From day one my main focus in my creations was quality and emotion so that the person bringing it home would bring back positive energy.<\/p>\n<p>&nbsp;<\/p>\n\n\t\t\t<\/div>\n\t\t<\/div>\n\t<\/div>\n\t\n\n\t\t<\/div>\n\t\t\t\t\t<\/div>\n\n\t\n\n\t<div id=\"col-1546038534\" class=\"col medium-4 large-4\"  >\n\t\t\t\t<div class=\"col-inner\"  >\n\t\t\t\n\t\t\t\n\n\t<div class=\"box has-hover   has-hover box-overlay dark box-text-bottom\" >\n\n\t\t<div class=\"box-image\" >\n\t\t\t\t\t\t<div class=\"image-cover\" style=\"padding-top:170%;\">\n\t\t\t\t<img loading=\"lazy\" decoding=\"async\" width=\"1867\" height=\"2560\" src=\"https:\/\/www.wuud.lt\/wp-content\/uploads\/2020\/11\/7-fortas-wuud-scaled.jpg\" class=\"attachment- size-\" alt=\"\" srcset=\"https:\/\/www.wuud.lt\/wp-content\/uploads\/2020\/11\/7-fortas-wuud-scaled.jpg 1867w, https:\/\/www.wuud.lt\/wp-content\/uploads\/2020\/11\/7-fortas-wuud-scaled-300x411.jpg 300w, https:\/\/www.wuud.lt\/wp-content\/uploads\/2020\/11\/7-fortas-wuud-scaled-600x823.jpg 600w, https:\/\/www.wuud.lt\/wp-content\/uploads\/2020\/11\/7-fortas-wuud-292x400.jpg 292w, https:\/\/www.wuud.lt\/wp-content\/uploads\/2020\/11\/7-fortas-wuud-583x800.jpg 583w, https:\/\/www.wuud.lt\/wp-content\/uploads\/2020\/11\/7-fortas-wuud-768x1053.jpg 768w, https:\/\/www.wuud.lt\/wp-content\/uploads\/2020\/11\/7-fortas-wuud-1120x1536.jpg 1120w, https:\/\/www.wuud.lt\/wp-content\/uploads\/2020\/11\/7-fortas-wuud-1493x2048.jpg 1493w, https:\/\/www.wuud.lt\/wp-content\/uploads\/2020\/11\/7-fortas-wuud-9x12.jpg 9w\" sizes=\"auto, (max-width: 1867px) 100vw, 1867px\" \/>\t\t\t\t<div class=\"overlay\" style=\"background-color:1\"><\/div>\t\t\t\t\t\t\t<\/div>\n\t\t\t\t\t<\/div>\n\n\t\t<div class=\"box-text text-center\" style=\"background-color:rgba(0, 0, 0, 0.7);\">\n\t\t\t<div class=\"box-text-inner\">\n\t\t\t\t\n\n<h3 class=\"uppercase\" style=\"text-align: center;\">A hobby turned to passion<\/h3>\n<p style=\"text-align: center;\">What started as a hobby in 2005 gradually became a way of life. Only after collecting a heavy baggage of knowledge and experience i started to offer my services to others. I have worked in house construction, furniture and non-standard creation production, wood processing industry. Now it's time to pass this knowledge and experience straight out of my hands.<\/p>\n\n\t\t\t<\/div>\n\t\t<\/div>\n\t<\/div>\n\t\n\n\t\t<\/div>\n\t\t\t\t\t<\/div>\n\n\t\n\n\t<div id=\"col-142259295\" class=\"col medium-4 large-4\"  >\n\t\t\t\t<div class=\"col-inner\"  >\n\t\t\t\n\t\t\t\n\n\t<div class=\"box has-hover   has-hover box-overlay dark box-text-bottom\" >\n\n\t\t<div class=\"box-image\" >\n\t\t\t\t\t\t<div class=\"image-cover\" style=\"padding-top:170%;\">\n\t\t\t\t<img loading=\"lazy\" decoding=\"async\" width=\"1920\" height=\"2560\" src=\"https:\/\/www.wuud.lt\/wp-content\/uploads\/2020\/11\/20201018_170841-scaled.jpg\" class=\"attachment- size-\" alt=\"\" srcset=\"https:\/\/www.wuud.lt\/wp-content\/uploads\/2020\/11\/20201018_170841-scaled.jpg 1920w, https:\/\/www.wuud.lt\/wp-content\/uploads\/2020\/11\/20201018_170841-scaled-300x400.jpg 300w, https:\/\/www.wuud.lt\/wp-content\/uploads\/2020\/11\/20201018_170841-scaled-600x800.jpg 600w, https:\/\/www.wuud.lt\/wp-content\/uploads\/2020\/11\/20201018_170841-768x1024.jpg 768w, https:\/\/www.wuud.lt\/wp-content\/uploads\/2020\/11\/20201018_170841-1152x1536.jpg 1152w, https:\/\/www.wuud.lt\/wp-content\/uploads\/2020\/11\/20201018_170841-1536x2048.jpg 1536w, https:\/\/www.wuud.lt\/wp-content\/uploads\/2020\/11\/20201018_170841-9x12.jpg 9w\" sizes=\"auto, (max-width: 1920px) 100vw, 1920px\" \/>\t\t\t\t<div class=\"overlay\" style=\"background-color:1\"><\/div>\t\t\t\t\t\t\t<\/div>\n\t\t\t\t\t<\/div>\n\n\t\t<div class=\"box-text text-center\" style=\"background-color:rgba(0, 0, 0, 0.7);\">\n\t\t\t<div class=\"box-text-inner\">\n\t\t\t\t\n\n<h3 class=\"uppercase\" style=\"text-align: center;\">W\u016b\u016bd now<\/h3>\n<p style=\"text-align: center;\">We produce stairs, furniture, interior items and other products from various materials.<br>Quality service, fulfillment of obligations, constant improvement, love and dedication to work. This is the current motto of W\u016b\u016bd.<\/p>\n<p style=\"text-align: center;\"><em>Karolis Pranckevi\u010dius<\/em><\/p>\n\n\t\t\t<\/div>\n\t\t<\/div>\n\t<\/div>\n\t\n\n\t\t<\/div>\n\t\t\t\t\t<\/div>\n\n\t\n\n\n<style>\n#row-72450430 > .col > .col-inner {\n  padding: 0px 0px 0px 0px;\n}\n<\/style>\n<\/div>\n<div class=\"message-box relative dark\" style=\"padding-top:100px;padding-bottom:100px;\"><div class=\"message-box-bg-image bg-fill fill\" ><\/div><div class=\"message-box-bg-overlay bg-fill fill\" style=\"background-color:rgb(255, 255, 255);\"><\/div><div class=\"container relative\"><div class=\"inner last-reset\">\n\n<div class=\"row align-middle align-center\"  id=\"row-572948912\">\n\n\n\t<div id=\"col-1839106003\" class=\"col medium-7 small-12 large-7\"  >\n\t\t\t\t<div class=\"col-inner\"  >\n\t\t\t\n\t\t\t\n\n<a href=\"https:\/\/www.wuud.lt\/en\/kontaktai\/\" class=\"button secondary expand\"  style=\"border-radius:10px;\">\n\t\t<span>Press here and be one step closer to making your idea a reality<\/span>\n\t<\/a>\n\n\n\n\t\t<\/div>\n\t\t\t\t\t<\/div>\n\n\t\n\n<\/div>\n\n<\/div><\/div><\/div>","protected":false},"excerpt":{"rendered":"","protected":false},"author":1,"featured_media":269,"parent":0,"menu_order":0,"comment_status":"closed","ping_status":"closed","template":"page-transparent-header-light.php","meta":{"_glsr_average":0,"_glsr_ranking":0,"_glsr_reviews":0,"footnotes":""},"class_list":["post-658","page","type-page","status-publish","has-post-thumbnail","hentry"],"yoast_head":"<!-- This site is optimized with the Yoast SEO plugin v23.8 - https:\/\/yoast.com\/wordpress\/plugins\/seo\/ -->\n<title>Apie - W\u016b\u016bd - Jaukiems Namams ir Prakti&scaron;kiems Sprendimams<\/title>\n<meta name=\"description\" content=\"W\u016b\u016bd atsiradimo istorija. Susipa\u017einkite su W\u016b\u016bd veikla, patirtimi ir tikslais. Jaukiems namams ir prakti\u0161kiems sprendimams.\" \/>\n<meta name=\"robots\" content=\"noindex, follow\" \/>\n<meta property=\"og:locale\" content=\"en_US\" \/>\n<meta property=\"og:type\" content=\"article\" \/>\n<meta property=\"og:title\" content=\"Apie - W\u016b\u016bd - Jaukiems Namams ir Prakti&scaron;kiems Sprendimams\" \/>\n<meta property=\"og:description\" content=\"W\u016b\u016bd atsiradimo istorija. Susipa\u017einkite su W\u016b\u016bd veikla, patirtimi ir tikslais. Jaukiems namams ir prakti\u0161kiems sprendimams.\" \/>\n<meta property=\"og:url\" content=\"https:\/\/www.wuud.lt\/en\/apie\/\" \/>\n<meta property=\"og:site_name\" content=\"W\u016b\u016bd\" \/>\n<meta property=\"article:modified_time\" content=\"2025-06-05T17:42:33+00:00\" \/>\n<meta property=\"og:image\" content=\"https:\/\/www.wuud.lt\/wp-content\/uploads\/2020\/08\/Wuud-logo-layered.png\" \/>\n\t<meta property=\"og:image:width\" content=\"800\" \/>\n\t<meta property=\"og:image:height\" content=\"450\" \/>\n\t<meta property=\"og:image:type\" content=\"image\/png\" \/>\n<meta name=\"twitter:card\" content=\"summary_large_image\" \/>\n<meta name=\"twitter:image\" content=\"https:\/\/www.wuud.lt\/wp-content\/uploads\/2020\/08\/Wuud-logo-layered.png\" \/>\n<meta name=\"twitter:label1\" content=\"Est. reading time\" \/>\n\t<meta name=\"twitter:data1\" content=\"2 minutes\" \/>\n<script type=\"application\/ld+json\" class=\"yoast-schema-graph\">{\"@context\":\"https:\/\/schema.org\",\"@graph\":[{\"@type\":\"WebPage\",\"@id\":\"https:\/\/www.wuud.lt\/apie\/\",\"url\":\"https:\/\/www.wuud.lt\/apie\/\",\"name\":\"Apie - W\u016b\u016bd - Jaukiems Namams ir Prakti&scaron;kiems Sprendimams\",\"isPartOf\":{\"@id\":\"https:\/\/www.wuud.lt\/#website\"},\"primaryImageOfPage\":{\"@id\":\"https:\/\/www.wuud.lt\/apie\/#primaryimage\"},\"image\":{\"@id\":\"https:\/\/www.wuud.lt\/apie\/#primaryimage\"},\"thumbnailUrl\":\"https:\/\/www.wuud.lt\/wp-content\/uploads\/2020\/08\/Wuud-logo-layered.png\",\"datePublished\":\"2020-11-03T16:33:58+00:00\",\"dateModified\":\"2025-06-05T17:42:33+00:00\",\"description\":\"W\u016b\u016bd atsiradimo istorija. Susipa\u017einkite su W\u016b\u016bd veikla, patirtimi ir tikslais. Jaukiems namams ir prakti\u0161kiems sprendimams.\",\"breadcrumb\":{\"@id\":\"https:\/\/www.wuud.lt\/apie\/#breadcrumb\"},\"inLanguage\":\"en-US\",\"potentialAction\":[{\"@type\":\"ReadAction\",\"target\":[\"https:\/\/www.wuud.lt\/apie\/\"]}]},{\"@type\":\"ImageObject\",\"inLanguage\":\"en-US\",\"@id\":\"https:\/\/www.wuud.lt\/apie\/#primaryimage\",\"url\":\"https:\/\/www.wuud.lt\/wp-content\/uploads\/2020\/08\/Wuud-logo-layered.png\",\"contentUrl\":\"https:\/\/www.wuud.lt\/wp-content\/uploads\/2020\/08\/Wuud-logo-layered.png\",\"width\":800,\"height\":450,\"caption\":\"Logo\"},{\"@type\":\"BreadcrumbList\",\"@id\":\"https:\/\/www.wuud.lt\/apie\/#breadcrumb\",\"itemListElement\":[{\"@type\":\"ListItem\",\"position\":1,\"name\":\"Home\",\"item\":\"https:\/\/www.wuud.lt\/\"},{\"@type\":\"ListItem\",\"position\":2,\"name\":\"Apie\"}]},{\"@type\":\"WebSite\",\"@id\":\"https:\/\/www.wuud.lt\/#website\",\"url\":\"https:\/\/www.wuud.lt\/\",\"name\":\"W\u016b\u016bd\",\"description\":\"Jaukiems Namams  ir Prakti&scaron;kiems Sprendimams\",\"publisher\":{\"@id\":\"https:\/\/www.wuud.lt\/#organization\"},\"potentialAction\":[{\"@type\":\"SearchAction\",\"target\":{\"@type\":\"EntryPoint\",\"urlTemplate\":\"https:\/\/www.wuud.lt\/?s={search_term_string}\"},\"query-input\":{\"@type\":\"PropertyValueSpecification\",\"valueRequired\":true,\"valueName\":\"search_term_string\"}}],\"inLanguage\":\"en-US\"},{\"@type\":\"Organization\",\"@id\":\"https:\/\/www.wuud.lt\/#organization\",\"name\":\"W\u016b\u016bd\",\"url\":\"https:\/\/www.wuud.lt\/\",\"logo\":{\"@type\":\"ImageObject\",\"inLanguage\":\"en-US\",\"@id\":\"https:\/\/www.wuud.lt\/#\/schema\/logo\/image\/\",\"url\":\"https:\/\/www.wuud.lt\/wp-content\/uploads\/2020\/08\/Wuud-logo-layered.png\",\"contentUrl\":\"https:\/\/www.wuud.lt\/wp-content\/uploads\/2020\/08\/Wuud-logo-layered.png\",\"width\":800,\"height\":450,\"caption\":\"W\u016b\u016bd\"},\"image\":{\"@id\":\"https:\/\/www.wuud.lt\/#\/schema\/logo\/image\/\"}}]}<\/script>\n<!-- \/ Yoast SEO plugin. -->","yoast_head_json":{"title":"Apie - W\u016b\u016bd - Jaukiems Namams ir Prakti&scaron;kiems Sprendimams","description":"W\u016b\u016bd atsiradimo istorija. Susipa\u017einkite su W\u016b\u016bd veikla, patirtimi ir tikslais. Jaukiems namams ir prakti\u0161kiems sprendimams.","robots":{"index":"noindex","follow":"follow"},"og_locale":"en_US","og_type":"article","og_title":"Apie - W\u016b\u016bd - Jaukiems Namams ir Prakti&scaron;kiems Sprendimams","og_description":"W\u016b\u016bd atsiradimo istorija. Susipa\u017einkite su W\u016b\u016bd veikla, patirtimi ir tikslais. Jaukiems namams ir prakti\u0161kiems sprendimams.","og_url":"https:\/\/www.wuud.lt\/en\/apie\/","og_site_name":"W\u016b\u016bd","article_modified_time":"2025-06-05T17:42:33+00:00","og_image":[{"width":800,"height":450,"url":"https:\/\/www.wuud.lt\/wp-content\/uploads\/2020\/08\/Wuud-logo-layered.png","type":"image\/png"}],"twitter_card":"summary_large_image","twitter_image":"https:\/\/www.wuud.lt\/wp-content\/uploads\/2020\/08\/Wuud-logo-layered.png","twitter_misc":{"Est. reading time":"2 minutes"},"schema":{"@context":"https:\/\/schema.org","@graph":[{"@type":"WebPage","@id":"https:\/\/www.wuud.lt\/apie\/","url":"https:\/\/www.wuud.lt\/apie\/","name":"Apie - W\u016b\u016bd - Jaukiems Namams ir Prakti&scaron;kiems Sprendimams","isPartOf":{"@id":"https:\/\/www.wuud.lt\/#website"},"primaryImageOfPage":{"@id":"https:\/\/www.wuud.lt\/apie\/#primaryimage"},"image":{"@id":"https:\/\/www.wuud.lt\/apie\/#primaryimage"},"thumbnailUrl":"https:\/\/www.wuud.lt\/wp-content\/uploads\/2020\/08\/Wuud-logo-layered.png","datePublished":"2020-11-03T16:33:58+00:00","dateModified":"2025-06-05T17:42:33+00:00","description":"W\u016b\u016bd atsiradimo istorija. Susipa\u017einkite su W\u016b\u016bd veikla, patirtimi ir tikslais. Jaukiems namams ir prakti\u0161kiems sprendimams.","breadcrumb":{"@id":"https:\/\/www.wuud.lt\/apie\/#breadcrumb"},"inLanguage":"en-US","potentialAction":[{"@type":"ReadAction","target":["https:\/\/www.wuud.lt\/apie\/"]}]},{"@type":"ImageObject","inLanguage":"en-US","@id":"https:\/\/www.wuud.lt\/apie\/#primaryimage","url":"https:\/\/www.wuud.lt\/wp-content\/uploads\/2020\/08\/Wuud-logo-layered.png","contentUrl":"https:\/\/www.wuud.lt\/wp-content\/uploads\/2020\/08\/Wuud-logo-layered.png","width":800,"height":450,"caption":"Logo"},{"@type":"BreadcrumbList","@id":"https:\/\/www.wuud.lt\/apie\/#breadcrumb","itemListElement":[{"@type":"ListItem","position":1,"name":"Home","item":"https:\/\/www.wuud.lt\/"},{"@type":"ListItem","position":2,"name":"Apie"}]},{"@type":"WebSite","@id":"https:\/\/www.wuud.lt\/#website","url":"https:\/\/www.wuud.lt\/","name":"W\u016b\u016bd","description":"Jaukiems Namams  ir Prakti&scaron;kiems Sprendimams","publisher":{"@id":"https:\/\/www.wuud.lt\/#organization"},"potentialAction":[{"@type":"SearchAction","target":{"@type":"EntryPoint","urlTemplate":"https:\/\/www.wuud.lt\/?s={search_term_string}"},"query-input":{"@type":"PropertyValueSpecification","valueRequired":true,"valueName":"search_term_string"}}],"inLanguage":"en-US"},{"@type":"Organization","@id":"https:\/\/www.wuud.lt\/#organization","name":"W\u016b\u016bd","url":"https:\/\/www.wuud.lt\/","logo":{"@type":"ImageObject","inLanguage":"en-US","@id":"https:\/\/www.wuud.lt\/#\/schema\/logo\/image\/","url":"https:\/\/www.wuud.lt\/wp-content\/uploads\/2020\/08\/Wuud-logo-layered.png","contentUrl":"https:\/\/www.wuud.lt\/wp-content\/uploads\/2020\/08\/Wuud-logo-layered.png","width":800,"height":450,"caption":"W\u016b\u016bd"},"image":{"@id":"https:\/\/www.wuud.lt\/#\/schema\/logo\/image\/"}}]}},"jetpack_sharing_enabled":true,"_links":{"self":[{"href":"https:\/\/www.wuud.lt\/en\/wp-json\/wp\/v2\/pages\/658","targetHints":{"allow":["GET"]}}],"collection":[{"href":"https:\/\/www.wuud.lt\/en\/wp-json\/wp\/v2\/pages"}],"about":[{"href":"https:\/\/www.wuud.lt\/en\/wp-json\/wp\/v2\/types\/page"}],"author":[{"embeddable":true,"href":"https:\/\/www.wuud.lt\/en\/wp-json\/wp\/v2\/users\/1"}],"replies":[{"embeddable":true,"href":"https:\/\/www.wuud.lt\/en\/wp-json\/wp\/v2\/comments?post=658"}],"version-history":[{"count":59,"href":"https:\/\/www.wuud.lt\/en\/wp-json\/wp\/v2\/pages\/658\/revisions"}],"predecessor-version":[{"id":1514,"href":"https:\/\/www.wuud.lt\/en\/wp-json\/wp\/v2\/pages\/658\/revisions\/1514"}],"wp:featuredmedia":[{"embeddable":true,"href":"https:\/\/www.wuud.lt\/en\/wp-json\/wp\/v2\/media\/269"}],"wp:attachment":[{"href":"https:\/\/www.wuud.lt\/en\/wp-json\/wp\/v2\/media?parent=658"}],"curies":[{"name":"wp","href":"https:\/\/api.w.org\/{rel}","templated":true}]}}