{"id":1207,"date":"2021-03-17T03:46:03","date_gmt":"2021-03-17T03:46:03","guid":{"rendered":"https:\/\/www.wuud.lt\/?post_type=product&#038;p=1207"},"modified":"2022-11-30T23:22:48","modified_gmt":"2022-11-30T23:22:48","slug":"linear","status":"publish","type":"product","link":"https:\/\/www.wuud.lt\/en\/product\/linear\/","title":{"rendered":"Pjaustymo lentel\u0117 &#8222;Linear&#8221;"},"content":{"rendered":"<p style=\"text-align: left;\">W\u016b\u016bd cutting board, with a design which fits various interior styles. Extremely \nthoroughly handmade product. Designed to be visible. You will always want to keep the cutting board on your countertop as a inseparable part of your interior. Combine luxury with comfortable cooking.<\/p>\n<p style=\"text-align: left;\">Made from Class A glued ash wood which is very resistant to moisture and stainless steel. The bottom of the board has cut outs for more convenient lifting from the table top.<\/p>\n<p style=\"text-align: left;\">The front edge of the board hooks on the countertop and becomes a part of it.<br \/>\nFour rubber feet protect the wood from constant contact with the table top, prevent slipping and give the board stability when it starts to deform over time.<br \/>\nThe cutting board is coated with food grade mineral oil, which is odorless and safe for food preparation.<\/p>\n<p>Every item is hand made using natural wood, therefore unique. Wood grain varies. Pictures represent the design.<\/p>\n<p>You can order as a gift for another person because we send it beautifully wrapped.<\/p>\n<p>Made in Lithuania.<\/p>\n<p><strong>Once ordered, it takes up to a week for this item to be made and shipped.<\/strong><\/p>\n<p><strong>How to take care of your cutting board:<\/strong><\/p>\n<ul>\n<li>Do not wash in a dish washer or under hot water<\/li>\n<li>Bent kart\u0105 per m\u0117nes\u012f \u012ftrinkite pavir\u0161i\u0173 maisto klas\u0117s mineraline arba kita J\u016bs\u0173 pasirinkta alyva<\/li>\n<\/ul>\n<p>&nbsp;<\/p>\n<table class=\"woocommerce-product-attributes shop_attributes\" style=\"height: 61px;\" width=\"309\">\n<tbody>\n<tr class=\"woocommerce-product-attributes-item woocommerce-product-attributes-item--weight\">\n<th class=\"woocommerce-product-attributes-item__label\">Weight<\/th>\n<td class=\"woocommerce-product-attributes-item__value\">3 kg<\/td>\n<\/tr>\n<tr class=\"woocommerce-product-attributes-item woocommerce-product-attributes-item--dimensions\">\n<th class=\"woocommerce-product-attributes-item__label\">Dimensions<\/th>\n<td class=\"woocommerce-product-attributes-item__value\">420 \u00d7 300 \u00d7 30 mm<\/td>\n<\/tr>\n<\/tbody>\n<\/table>","protected":false},"excerpt":{"rendered":"<p>Tai vardin\u0117 W\u016b\u016bd lentel\u0117, kurios dizainas dera prie \u012fvairi\u0173 interjero stili\u0173. Itin kruop\u0161taus rank\u0173 darbo gaminys. Sukurta b\u016bti matoma, tod\u0117l pjaustymo lentel\u0119 visada nor\u0117site laikyti ant stalvir\u0161io. Suderinkite prabang\u0105 su patogiu maisto gaminimu. Pagaminta i\u0161 A klas\u0117s klijuotos uosio medienos, kuri yra labai atspari dr\u0117gm\u0117s poky\u010diams, ir ner\u016bdijan\u010dio plieno. Lentel\u0117s dugnas turi i\u0161frezavimus patogesniam atk\u0117limui [&#8230;]","protected":false},"featured_media":1226,"comment_status":"open","ping_status":"closed","template":"","meta":{"_glsr_average":0,"_glsr_ranking":0,"_glsr_reviews":0},"product_cat":[15],"product_tag":[84],"class_list":{"0":"post-1207","1":"product","2":"type-product","3":"status-publish","4":"has-post-thumbnail","6":"product_cat-interior","7":"product_tag-lenteles","9":"first","10":"instock","11":"taxable","12":"shipping-taxable","13":"purchasable","14":"product-type-simple"},"yoast_head":"<!-- This site is optimized with the Yoast SEO plugin v23.8 - https:\/\/yoast.com\/wordpress\/plugins\/seo\/ -->\n<title>Pjaustymo lentel\u0117 &quot;Linear&quot; - W\u016b\u016bd<\/title>\n<meta name=\"description\" content=\"Tai vardin\u0117 W\u016b\u016bd lentel\u0117, kurios dizainas dera prie \u012fvairi\u0173 interjero stili\u0173. Itin kruop\u0161taus rank\u0173 darbo gaminys. \u0160i\u0105 pjaustymo lentel\u0119 visada nor\u0117site laikyti ant stalvir\u0161io. Suderinkite prabang\u0105 su patogiu maisto gaminimu.\" \/>\n<meta name=\"robots\" content=\"index, follow, max-snippet:-1, max-image-preview:large, max-video-preview:-1\" \/>\n<link rel=\"canonical\" href=\"https:\/\/www.wuud.lt\/en\/product\/linear\/\" \/>\n<meta property=\"og:locale\" content=\"en_US\" \/>\n<meta property=\"og:type\" content=\"article\" \/>\n<meta property=\"og:title\" content=\"Pjaustymo lentel\u0117 &quot;Linear&quot; - W\u016b\u016bd\" \/>\n<meta property=\"og:description\" content=\"Tai vardin\u0117 W\u016b\u016bd lentel\u0117, kurios dizainas dera prie \u012fvairi\u0173 interjero stili\u0173. Itin kruop\u0161taus rank\u0173 darbo gaminys. \u0160i\u0105 pjaustymo lentel\u0119 visada nor\u0117site laikyti ant stalvir\u0161io. Suderinkite prabang\u0105 su patogiu maisto gaminimu.\" \/>\n<meta property=\"og:url\" content=\"https:\/\/www.wuud.lt\/en\/product\/linear\/\" \/>\n<meta property=\"og:site_name\" content=\"W\u016b\u016bd\" \/>\n<meta property=\"article:modified_time\" content=\"2022-11-30T23:22:48+00:00\" \/>\n<meta property=\"og:image\" content=\"https:\/\/www.wuud.lt\/wp-content\/uploads\/2021\/03\/desine-white.jpg\" \/>\n\t<meta property=\"og:image:width\" content=\"2000\" \/>\n\t<meta property=\"og:image:height\" content=\"1200\" \/>\n\t<meta property=\"og:image:type\" content=\"image\/jpeg\" \/>\n<meta name=\"twitter:card\" content=\"summary_large_image\" \/>\n<meta name=\"twitter:label1\" content=\"Est. reading time\" \/>\n\t<meta name=\"twitter:data1\" content=\"1 minute\" \/>\n<script type=\"application\/ld+json\" class=\"yoast-schema-graph\">{\"@context\":\"https:\/\/schema.org\",\"@graph\":[{\"@type\":\"WebPage\",\"@id\":\"https:\/\/www.wuud.lt\/product\/linear\/\",\"url\":\"https:\/\/www.wuud.lt\/product\/linear\/\",\"name\":\"Pjaustymo lentel\u0117 \\\"Linear\\\" - W\u016b\u016bd\",\"isPartOf\":{\"@id\":\"https:\/\/www.wuud.lt\/#website\"},\"primaryImageOfPage\":{\"@id\":\"https:\/\/www.wuud.lt\/product\/linear\/#primaryimage\"},\"image\":{\"@id\":\"https:\/\/www.wuud.lt\/product\/linear\/#primaryimage\"},\"thumbnailUrl\":\"https:\/\/www.wuud.lt\/wp-content\/uploads\/2021\/03\/desine-white.jpg\",\"datePublished\":\"2021-03-17T03:46:03+00:00\",\"dateModified\":\"2022-11-30T23:22:48+00:00\",\"description\":\"Tai vardin\u0117 W\u016b\u016bd lentel\u0117, kurios dizainas dera prie \u012fvairi\u0173 interjero stili\u0173. Itin kruop\u0161taus rank\u0173 darbo gaminys. \u0160i\u0105 pjaustymo lentel\u0119 visada nor\u0117site laikyti ant stalvir\u0161io. Suderinkite prabang\u0105 su patogiu maisto gaminimu.\",\"breadcrumb\":{\"@id\":\"https:\/\/www.wuud.lt\/product\/linear\/#breadcrumb\"},\"inLanguage\":\"en-US\",\"potentialAction\":[{\"@type\":\"ReadAction\",\"target\":[\"https:\/\/www.wuud.lt\/product\/linear\/\"]}]},{\"@type\":\"ImageObject\",\"inLanguage\":\"en-US\",\"@id\":\"https:\/\/www.wuud.lt\/product\/linear\/#primaryimage\",\"url\":\"https:\/\/www.wuud.lt\/wp-content\/uploads\/2021\/03\/desine-white.jpg\",\"contentUrl\":\"https:\/\/www.wuud.lt\/wp-content\/uploads\/2021\/03\/desine-white.jpg\",\"width\":2000,\"height\":1200},{\"@type\":\"BreadcrumbList\",\"@id\":\"https:\/\/www.wuud.lt\/product\/linear\/#breadcrumb\",\"itemListElement\":[{\"@type\":\"ListItem\",\"position\":1,\"name\":\"Home\",\"item\":\"https:\/\/www.wuud.lt\/\"},{\"@type\":\"ListItem\",\"position\":2,\"name\":\"Parduotuv\u0117\",\"item\":\"https:\/\/www.wuud.lt\/shop\/\"},{\"@type\":\"ListItem\",\"position\":3,\"name\":\"Pjaustymo lentel\u0117 &#8222;Linear&#8221;\"}]},{\"@type\":\"WebSite\",\"@id\":\"https:\/\/www.wuud.lt\/#website\",\"url\":\"https:\/\/www.wuud.lt\/\",\"name\":\"W\u016b\u016bd\",\"description\":\"Jaukiems Namams  ir Prakti&scaron;kiems Sprendimams\",\"publisher\":{\"@id\":\"https:\/\/www.wuud.lt\/#organization\"},\"potentialAction\":[{\"@type\":\"SearchAction\",\"target\":{\"@type\":\"EntryPoint\",\"urlTemplate\":\"https:\/\/www.wuud.lt\/?s={search_term_string}\"},\"query-input\":{\"@type\":\"PropertyValueSpecification\",\"valueRequired\":true,\"valueName\":\"search_term_string\"}}],\"inLanguage\":\"en-US\"},{\"@type\":\"Organization\",\"@id\":\"https:\/\/www.wuud.lt\/#organization\",\"name\":\"W\u016b\u016bd\",\"url\":\"https:\/\/www.wuud.lt\/\",\"logo\":{\"@type\":\"ImageObject\",\"inLanguage\":\"en-US\",\"@id\":\"https:\/\/www.wuud.lt\/#\/schema\/logo\/image\/\",\"url\":\"https:\/\/www.wuud.lt\/wp-content\/uploads\/2020\/08\/Wuud-logo-layered.png\",\"contentUrl\":\"https:\/\/www.wuud.lt\/wp-content\/uploads\/2020\/08\/Wuud-logo-layered.png\",\"width\":800,\"height\":450,\"caption\":\"W\u016b\u016bd\"},\"image\":{\"@id\":\"https:\/\/www.wuud.lt\/#\/schema\/logo\/image\/\"}}]}<\/script>\n<!-- \/ Yoast SEO plugin. -->","yoast_head_json":{"title":"Pjaustymo lentel\u0117 \"Linear\" - W\u016b\u016bd","description":"Tai vardin\u0117 W\u016b\u016bd lentel\u0117, kurios dizainas dera prie \u012fvairi\u0173 interjero stili\u0173. Itin kruop\u0161taus rank\u0173 darbo gaminys. \u0160i\u0105 pjaustymo lentel\u0119 visada nor\u0117site laikyti ant stalvir\u0161io. Suderinkite prabang\u0105 su patogiu maisto gaminimu.","robots":{"index":"index","follow":"follow","max-snippet":"max-snippet:-1","max-image-preview":"max-image-preview:large","max-video-preview":"max-video-preview:-1"},"canonical":"https:\/\/www.wuud.lt\/en\/product\/linear\/","og_locale":"en_US","og_type":"article","og_title":"Pjaustymo lentel\u0117 \"Linear\" - W\u016b\u016bd","og_description":"Tai vardin\u0117 W\u016b\u016bd lentel\u0117, kurios dizainas dera prie \u012fvairi\u0173 interjero stili\u0173. Itin kruop\u0161taus rank\u0173 darbo gaminys. \u0160i\u0105 pjaustymo lentel\u0119 visada nor\u0117site laikyti ant stalvir\u0161io. Suderinkite prabang\u0105 su patogiu maisto gaminimu.","og_url":"https:\/\/www.wuud.lt\/en\/product\/linear\/","og_site_name":"W\u016b\u016bd","article_modified_time":"2022-11-30T23:22:48+00:00","og_image":[{"width":2000,"height":1200,"url":"https:\/\/www.wuud.lt\/wp-content\/uploads\/2021\/03\/desine-white.jpg","type":"image\/jpeg"}],"twitter_card":"summary_large_image","twitter_misc":{"Est. reading time":"1 minute"},"schema":{"@context":"https:\/\/schema.org","@graph":[{"@type":"WebPage","@id":"https:\/\/www.wuud.lt\/product\/linear\/","url":"https:\/\/www.wuud.lt\/product\/linear\/","name":"Pjaustymo lentel\u0117 \"Linear\" - W\u016b\u016bd","isPartOf":{"@id":"https:\/\/www.wuud.lt\/#website"},"primaryImageOfPage":{"@id":"https:\/\/www.wuud.lt\/product\/linear\/#primaryimage"},"image":{"@id":"https:\/\/www.wuud.lt\/product\/linear\/#primaryimage"},"thumbnailUrl":"https:\/\/www.wuud.lt\/wp-content\/uploads\/2021\/03\/desine-white.jpg","datePublished":"2021-03-17T03:46:03+00:00","dateModified":"2022-11-30T23:22:48+00:00","description":"Tai vardin\u0117 W\u016b\u016bd lentel\u0117, kurios dizainas dera prie \u012fvairi\u0173 interjero stili\u0173. Itin kruop\u0161taus rank\u0173 darbo gaminys. \u0160i\u0105 pjaustymo lentel\u0119 visada nor\u0117site laikyti ant stalvir\u0161io. Suderinkite prabang\u0105 su patogiu maisto gaminimu.","breadcrumb":{"@id":"https:\/\/www.wuud.lt\/product\/linear\/#breadcrumb"},"inLanguage":"en-US","potentialAction":[{"@type":"ReadAction","target":["https:\/\/www.wuud.lt\/product\/linear\/"]}]},{"@type":"ImageObject","inLanguage":"en-US","@id":"https:\/\/www.wuud.lt\/product\/linear\/#primaryimage","url":"https:\/\/www.wuud.lt\/wp-content\/uploads\/2021\/03\/desine-white.jpg","contentUrl":"https:\/\/www.wuud.lt\/wp-content\/uploads\/2021\/03\/desine-white.jpg","width":2000,"height":1200},{"@type":"BreadcrumbList","@id":"https:\/\/www.wuud.lt\/product\/linear\/#breadcrumb","itemListElement":[{"@type":"ListItem","position":1,"name":"Home","item":"https:\/\/www.wuud.lt\/"},{"@type":"ListItem","position":2,"name":"Parduotuv\u0117","item":"https:\/\/www.wuud.lt\/shop\/"},{"@type":"ListItem","position":3,"name":"Pjaustymo lentel\u0117 &#8222;Linear&#8221;"}]},{"@type":"WebSite","@id":"https:\/\/www.wuud.lt\/#website","url":"https:\/\/www.wuud.lt\/","name":"W\u016b\u016bd","description":"Jaukiems Namams  ir Prakti&scaron;kiems Sprendimams","publisher":{"@id":"https:\/\/www.wuud.lt\/#organization"},"potentialAction":[{"@type":"SearchAction","target":{"@type":"EntryPoint","urlTemplate":"https:\/\/www.wuud.lt\/?s={search_term_string}"},"query-input":{"@type":"PropertyValueSpecification","valueRequired":true,"valueName":"search_term_string"}}],"inLanguage":"en-US"},{"@type":"Organization","@id":"https:\/\/www.wuud.lt\/#organization","name":"W\u016b\u016bd","url":"https:\/\/www.wuud.lt\/","logo":{"@type":"ImageObject","inLanguage":"en-US","@id":"https:\/\/www.wuud.lt\/#\/schema\/logo\/image\/","url":"https:\/\/www.wuud.lt\/wp-content\/uploads\/2020\/08\/Wuud-logo-layered.png","contentUrl":"https:\/\/www.wuud.lt\/wp-content\/uploads\/2020\/08\/Wuud-logo-layered.png","width":800,"height":450,"caption":"W\u016b\u016bd"},"image":{"@id":"https:\/\/www.wuud.lt\/#\/schema\/logo\/image\/"}}]}},"jetpack_sharing_enabled":true,"_links":{"self":[{"href":"https:\/\/www.wuud.lt\/en\/wp-json\/wp\/v2\/product\/1207","targetHints":{"allow":["GET"]}}],"collection":[{"href":"https:\/\/www.wuud.lt\/en\/wp-json\/wp\/v2\/product"}],"about":[{"href":"https:\/\/www.wuud.lt\/en\/wp-json\/wp\/v2\/types\/product"}],"replies":[{"embeddable":true,"href":"https:\/\/www.wuud.lt\/en\/wp-json\/wp\/v2\/comments?post=1207"}],"wp:featuredmedia":[{"embeddable":true,"href":"https:\/\/www.wuud.lt\/en\/wp-json\/wp\/v2\/media\/1226"}],"wp:attachment":[{"href":"https:\/\/www.wuud.lt\/en\/wp-json\/wp\/v2\/media?parent=1207"}],"wp:term":[{"taxonomy":"product_cat","embeddable":true,"href":"https:\/\/www.wuud.lt\/en\/wp-json\/wp\/v2\/product_cat?post=1207"},{"taxonomy":"product_tag","embeddable":true,"href":"https:\/\/www.wuud.lt\/en\/wp-json\/wp\/v2\/product_tag?post=1207"}],"curies":[{"name":"wp","href":"https:\/\/api.w.org\/{rel}","templated":true}]}}