{"id":1389,"date":"2021-12-04T12:03:26","date_gmt":"2021-12-04T12:03:26","guid":{"rendered":"https:\/\/www.wuud.lt\/?post_type=product&#038;p=1389"},"modified":"2022-11-30T23:20:22","modified_gmt":"2022-11-30T23:20:22","slug":"apvalus-azuolinis-valgomojo-stalas-circa","status":"publish","type":"product","link":"https:\/\/www.wuud.lt\/en\/product\/apvalus-azuolinis-valgomojo-stalas-circa\/","title":{"rendered":"Apvalus \u0105\u017euolinis valgomojo stalas &#8222;Circa&#8221;"},"content":{"rendered":"<p>W\u016b\u016bd dizaino stalas kuris gali b\u016bti pagrindinis nam\u0173 akcentas ir tuo pa\u010diu metu \u012fsilieti \u012f esam\u0105 interjer\u0105. Grak\u0161tus koj\u0173 dizainas \u012fleid\u017eia erdv\u0119 \u012f j\u016bs\u0173 valgomaj\u012f.<br \/>\n<strong>Sutvertas tarnauti<\/strong> &#8211; 40mm A klas\u0117s be\u0161akis \u0105\u017euolo masyvo stalvir\u0161is ir 3mm milteliniu b\u016bdu da\u017eyt\u0173 plienini\u0173 koj\u0173 sieneli\u0173 storis u\u017etikrina tvirt\u0105 ir ilgaam\u017e\u0119 stalo konstrukcij\u0105.<\/p>\n<p>Stalvir\u0161is pilnai nei\u0161poliruotas, kad prisilietus b\u016bt\u0173 jau\u010diamas medienos nat\u016bralus ra\u0161tas. Dengtas 3 pusiau matinio lako sluoksniais, kuris suteikia pavir\u0161iui maksimali\u0105 apsaug\u0105.<br \/>\nKojos gali b\u016bti da\u017eomos skirtingais atspalviais.<\/p>\n<p>Stalo matmenys*:<\/p>\n<p>Ilgis \/ Plotis &#8211; nuo 1000mm iki 1400mm<br \/>\nAuk\u0161tis &#8211; 750mm<\/p>\n<p><strong>D\u0117l nestandartini\u0173 matmen\u0173 para\u0161ykite u\u017eklaus\u0105 <a href=\"https:\/\/www.wuud.lt\/en\/kontaktai\/\">Kontakt\u0173<\/a> puslapyje.<\/strong><\/p>\n<p>*matmenyse galimi neatitikimai iki 5mm<\/p>\n<p>Nuotraukose pavaizduotas 1200mm ilgio ir plo\u010dio stalas prie kurio laisvai gali sus\u0117sti 4 suaug\u0119 \u017emon\u0117s.<\/p>\n<p>Atsiskaitant u\u017e \u0161i\u0105 prek\u0119 galite pasirinkti tik <strong>Atsi\u0117mim\u0105 vietoje<\/strong>, d\u0117l prek\u0117s gabarit\u0173. Jeigu pageidaujate, kad prek\u0117 b\u016bt\u0173 pristatyta j\u016bs\u0173 norimu adresu &#8211; <strong>susiekite<\/strong>, kad aptartum\u0117me pristatymo s\u0105lygas.<\/p>\n<p>Stalas paruo\u0161iamas atsi\u0117mimui arba pristatomas i\u0161rinktas \u012f 2 dalis &#8211; koja ir stalvir\u0161is.<br \/>\nStalas paruo\u0161iamas asi\u0117mimui arba pristatymui per 2 savai\u010di\u0173 laikotarp\u012f nuo u\u017esakymo datos.<\/p>\n<p>&nbsp;<\/p>","protected":false},"excerpt":{"rendered":"<p>W\u016b\u016bd dizaino stalas kuris gali b\u016bti pagrindinis nam\u0173 akcentas ir tuo pa\u010diu metu \u012fsilieti \u012f esam\u0105 interjer\u0105. Grak\u0161tus koj\u0173 dizainas \u012fleid\u017eia erdv\u0119 \u012f j\u016bs\u0173 valgomaj\u012f. Sutvertas tarnauti &#8211; 40mm A klas\u0117s be\u0161akis \u0105\u017euolo masyvo stalvir\u0161is ir 3mm milteliniu b\u016bdu da\u017eyt\u0173 plienini\u0173 koj\u0173 sieneli\u0173 storis u\u017etikrina tvirt\u0105 ir ilgaam\u017e\u0119 stalo konstrukcij\u0105. Stalvir\u0161is pilnai nei\u0161poliruotas, kad prisilietus [&#8230;]","protected":false},"featured_media":1391,"comment_status":"open","ping_status":"closed","template":"","meta":{"_glsr_average":0,"_glsr_ranking":0,"_glsr_reviews":0},"product_cat":[15,93],"product_tag":[],"class_list":{"0":"post-1389","1":"product","2":"type-product","3":"status-publish","4":"has-post-thumbnail","6":"product_cat-interior","7":"product_cat-stalai","8":"product_shipping_class-didesni-produktai","10":"first","11":"instock","12":"taxable","13":"shipping-taxable","14":"purchasable","15":"product-type-variable","16":"has-default-attributes"},"yoast_head":"<!-- This site is optimized with the Yoast SEO plugin v23.8 - https:\/\/yoast.com\/wordpress\/plugins\/seo\/ -->\n<title>Apvalus \u0105\u017euolinis valgomojo stalas &quot;Circa&quot; - W\u016b\u016bd<\/title>\n<meta name=\"description\" content=\"W\u016b\u016bd dizaino stalas kuris gali b\u016bti pagrindinis nam\u0173 akcentas ir tuo pa\u010diu metu \u012fsilieti \u012f esam\u0105 interjer\u0105.\" \/>\n<meta name=\"robots\" content=\"index, follow, max-snippet:-1, max-image-preview:large, max-video-preview:-1\" \/>\n<link rel=\"canonical\" href=\"https:\/\/www.wuud.lt\/en\/product\/apvalus-azuolinis-valgomojo-stalas-circa\/\" \/>\n<meta property=\"og:locale\" content=\"en_US\" \/>\n<meta property=\"og:type\" content=\"article\" \/>\n<meta property=\"og:title\" content=\"Apvalus \u0105\u017euolinis valgomojo stalas &quot;Circa&quot; - W\u016b\u016bd\" \/>\n<meta property=\"og:description\" content=\"W\u016b\u016bd dizaino stalas kuris gali b\u016bti pagrindinis nam\u0173 akcentas ir tuo pa\u010diu metu \u012fsilieti \u012f esam\u0105 interjer\u0105.\" \/>\n<meta property=\"og:url\" content=\"https:\/\/www.wuud.lt\/en\/product\/apvalus-azuolinis-valgomojo-stalas-circa\/\" \/>\n<meta property=\"og:site_name\" content=\"W\u016b\u016bd\" \/>\n<meta property=\"article:modified_time\" content=\"2022-11-30T23:20:22+00:00\" \/>\n<meta property=\"og:image\" content=\"https:\/\/www.wuud.lt\/wp-content\/uploads\/2021\/12\/Wuud-Circa-S-1.jpg\" \/>\n\t<meta property=\"og:image:width\" content=\"2000\" \/>\n\t<meta property=\"og:image:height\" content=\"1500\" \/>\n\t<meta property=\"og:image:type\" content=\"image\/jpeg\" \/>\n<meta name=\"twitter:card\" content=\"summary_large_image\" \/>\n<meta name=\"twitter:label1\" content=\"Est. reading time\" \/>\n\t<meta name=\"twitter:data1\" content=\"1 minute\" \/>\n<script type=\"application\/ld+json\" class=\"yoast-schema-graph\">{\"@context\":\"https:\/\/schema.org\",\"@graph\":[{\"@type\":\"WebPage\",\"@id\":\"https:\/\/www.wuud.lt\/product\/apvalus-azuolinis-valgomojo-stalas-circa\/\",\"url\":\"https:\/\/www.wuud.lt\/product\/apvalus-azuolinis-valgomojo-stalas-circa\/\",\"name\":\"Apvalus \u0105\u017euolinis valgomojo stalas \\\"Circa\\\" - W\u016b\u016bd\",\"isPartOf\":{\"@id\":\"https:\/\/www.wuud.lt\/#website\"},\"primaryImageOfPage\":{\"@id\":\"https:\/\/www.wuud.lt\/product\/apvalus-azuolinis-valgomojo-stalas-circa\/#primaryimage\"},\"image\":{\"@id\":\"https:\/\/www.wuud.lt\/product\/apvalus-azuolinis-valgomojo-stalas-circa\/#primaryimage\"},\"thumbnailUrl\":\"https:\/\/www.wuud.lt\/wp-content\/uploads\/2021\/12\/Wuud-Circa-S-1.jpg\",\"datePublished\":\"2021-12-04T12:03:26+00:00\",\"dateModified\":\"2022-11-30T23:20:22+00:00\",\"description\":\"W\u016b\u016bd dizaino stalas kuris gali b\u016bti pagrindinis nam\u0173 akcentas ir tuo pa\u010diu metu \u012fsilieti \u012f esam\u0105 interjer\u0105.\",\"breadcrumb\":{\"@id\":\"https:\/\/www.wuud.lt\/product\/apvalus-azuolinis-valgomojo-stalas-circa\/#breadcrumb\"},\"inLanguage\":\"en-US\",\"potentialAction\":[{\"@type\":\"ReadAction\",\"target\":[\"https:\/\/www.wuud.lt\/product\/apvalus-azuolinis-valgomojo-stalas-circa\/\"]}]},{\"@type\":\"ImageObject\",\"inLanguage\":\"en-US\",\"@id\":\"https:\/\/www.wuud.lt\/product\/apvalus-azuolinis-valgomojo-stalas-circa\/#primaryimage\",\"url\":\"https:\/\/www.wuud.lt\/wp-content\/uploads\/2021\/12\/Wuud-Circa-S-1.jpg\",\"contentUrl\":\"https:\/\/www.wuud.lt\/wp-content\/uploads\/2021\/12\/Wuud-Circa-S-1.jpg\",\"width\":2000,\"height\":1500},{\"@type\":\"BreadcrumbList\",\"@id\":\"https:\/\/www.wuud.lt\/product\/apvalus-azuolinis-valgomojo-stalas-circa\/#breadcrumb\",\"itemListElement\":[{\"@type\":\"ListItem\",\"position\":1,\"name\":\"Home\",\"item\":\"https:\/\/www.wuud.lt\/\"},{\"@type\":\"ListItem\",\"position\":2,\"name\":\"Parduotuv\u0117\",\"item\":\"https:\/\/www.wuud.lt\/shop\/\"},{\"@type\":\"ListItem\",\"position\":3,\"name\":\"Apvalus \u0105\u017euolinis valgomojo stalas &#8222;Circa&#8221;\"}]},{\"@type\":\"WebSite\",\"@id\":\"https:\/\/www.wuud.lt\/#website\",\"url\":\"https:\/\/www.wuud.lt\/\",\"name\":\"W\u016b\u016bd\",\"description\":\"Jaukiems Namams  ir Prakti&scaron;kiems Sprendimams\",\"publisher\":{\"@id\":\"https:\/\/www.wuud.lt\/#organization\"},\"potentialAction\":[{\"@type\":\"SearchAction\",\"target\":{\"@type\":\"EntryPoint\",\"urlTemplate\":\"https:\/\/www.wuud.lt\/?s={search_term_string}\"},\"query-input\":{\"@type\":\"PropertyValueSpecification\",\"valueRequired\":true,\"valueName\":\"search_term_string\"}}],\"inLanguage\":\"en-US\"},{\"@type\":\"Organization\",\"@id\":\"https:\/\/www.wuud.lt\/#organization\",\"name\":\"W\u016b\u016bd\",\"url\":\"https:\/\/www.wuud.lt\/\",\"logo\":{\"@type\":\"ImageObject\",\"inLanguage\":\"en-US\",\"@id\":\"https:\/\/www.wuud.lt\/#\/schema\/logo\/image\/\",\"url\":\"https:\/\/www.wuud.lt\/wp-content\/uploads\/2020\/08\/Wuud-logo-layered.png\",\"contentUrl\":\"https:\/\/www.wuud.lt\/wp-content\/uploads\/2020\/08\/Wuud-logo-layered.png\",\"width\":800,\"height\":450,\"caption\":\"W\u016b\u016bd\"},\"image\":{\"@id\":\"https:\/\/www.wuud.lt\/#\/schema\/logo\/image\/\"}}]}<\/script>\n<!-- \/ Yoast SEO plugin. -->","yoast_head_json":{"title":"Apvalus \u0105\u017euolinis valgomojo stalas \"Circa\" - W\u016b\u016bd","description":"W\u016b\u016bd dizaino stalas kuris gali b\u016bti pagrindinis nam\u0173 akcentas ir tuo pa\u010diu metu \u012fsilieti \u012f esam\u0105 interjer\u0105.","robots":{"index":"index","follow":"follow","max-snippet":"max-snippet:-1","max-image-preview":"max-image-preview:large","max-video-preview":"max-video-preview:-1"},"canonical":"https:\/\/www.wuud.lt\/en\/product\/apvalus-azuolinis-valgomojo-stalas-circa\/","og_locale":"en_US","og_type":"article","og_title":"Apvalus \u0105\u017euolinis valgomojo stalas \"Circa\" - W\u016b\u016bd","og_description":"W\u016b\u016bd dizaino stalas kuris gali b\u016bti pagrindinis nam\u0173 akcentas ir tuo pa\u010diu metu \u012fsilieti \u012f esam\u0105 interjer\u0105.","og_url":"https:\/\/www.wuud.lt\/en\/product\/apvalus-azuolinis-valgomojo-stalas-circa\/","og_site_name":"W\u016b\u016bd","article_modified_time":"2022-11-30T23:20:22+00:00","og_image":[{"width":2000,"height":1500,"url":"https:\/\/www.wuud.lt\/wp-content\/uploads\/2021\/12\/Wuud-Circa-S-1.jpg","type":"image\/jpeg"}],"twitter_card":"summary_large_image","twitter_misc":{"Est. reading time":"1 minute"},"schema":{"@context":"https:\/\/schema.org","@graph":[{"@type":"WebPage","@id":"https:\/\/www.wuud.lt\/product\/apvalus-azuolinis-valgomojo-stalas-circa\/","url":"https:\/\/www.wuud.lt\/product\/apvalus-azuolinis-valgomojo-stalas-circa\/","name":"Apvalus \u0105\u017euolinis valgomojo stalas \"Circa\" - W\u016b\u016bd","isPartOf":{"@id":"https:\/\/www.wuud.lt\/#website"},"primaryImageOfPage":{"@id":"https:\/\/www.wuud.lt\/product\/apvalus-azuolinis-valgomojo-stalas-circa\/#primaryimage"},"image":{"@id":"https:\/\/www.wuud.lt\/product\/apvalus-azuolinis-valgomojo-stalas-circa\/#primaryimage"},"thumbnailUrl":"https:\/\/www.wuud.lt\/wp-content\/uploads\/2021\/12\/Wuud-Circa-S-1.jpg","datePublished":"2021-12-04T12:03:26+00:00","dateModified":"2022-11-30T23:20:22+00:00","description":"W\u016b\u016bd dizaino stalas kuris gali b\u016bti pagrindinis nam\u0173 akcentas ir tuo pa\u010diu metu \u012fsilieti \u012f esam\u0105 interjer\u0105.","breadcrumb":{"@id":"https:\/\/www.wuud.lt\/product\/apvalus-azuolinis-valgomojo-stalas-circa\/#breadcrumb"},"inLanguage":"en-US","potentialAction":[{"@type":"ReadAction","target":["https:\/\/www.wuud.lt\/product\/apvalus-azuolinis-valgomojo-stalas-circa\/"]}]},{"@type":"ImageObject","inLanguage":"en-US","@id":"https:\/\/www.wuud.lt\/product\/apvalus-azuolinis-valgomojo-stalas-circa\/#primaryimage","url":"https:\/\/www.wuud.lt\/wp-content\/uploads\/2021\/12\/Wuud-Circa-S-1.jpg","contentUrl":"https:\/\/www.wuud.lt\/wp-content\/uploads\/2021\/12\/Wuud-Circa-S-1.jpg","width":2000,"height":1500},{"@type":"BreadcrumbList","@id":"https:\/\/www.wuud.lt\/product\/apvalus-azuolinis-valgomojo-stalas-circa\/#breadcrumb","itemListElement":[{"@type":"ListItem","position":1,"name":"Home","item":"https:\/\/www.wuud.lt\/"},{"@type":"ListItem","position":2,"name":"Parduotuv\u0117","item":"https:\/\/www.wuud.lt\/shop\/"},{"@type":"ListItem","position":3,"name":"Apvalus \u0105\u017euolinis valgomojo stalas &#8222;Circa&#8221;"}]},{"@type":"WebSite","@id":"https:\/\/www.wuud.lt\/#website","url":"https:\/\/www.wuud.lt\/","name":"W\u016b\u016bd","description":"Jaukiems Namams  ir Prakti&scaron;kiems Sprendimams","publisher":{"@id":"https:\/\/www.wuud.lt\/#organization"},"potentialAction":[{"@type":"SearchAction","target":{"@type":"EntryPoint","urlTemplate":"https:\/\/www.wuud.lt\/?s={search_term_string}"},"query-input":{"@type":"PropertyValueSpecification","valueRequired":true,"valueName":"search_term_string"}}],"inLanguage":"en-US"},{"@type":"Organization","@id":"https:\/\/www.wuud.lt\/#organization","name":"W\u016b\u016bd","url":"https:\/\/www.wuud.lt\/","logo":{"@type":"ImageObject","inLanguage":"en-US","@id":"https:\/\/www.wuud.lt\/#\/schema\/logo\/image\/","url":"https:\/\/www.wuud.lt\/wp-content\/uploads\/2020\/08\/Wuud-logo-layered.png","contentUrl":"https:\/\/www.wuud.lt\/wp-content\/uploads\/2020\/08\/Wuud-logo-layered.png","width":800,"height":450,"caption":"W\u016b\u016bd"},"image":{"@id":"https:\/\/www.wuud.lt\/#\/schema\/logo\/image\/"}}]}},"jetpack_sharing_enabled":true,"_links":{"self":[{"href":"https:\/\/www.wuud.lt\/en\/wp-json\/wp\/v2\/product\/1389","targetHints":{"allow":["GET"]}}],"collection":[{"href":"https:\/\/www.wuud.lt\/en\/wp-json\/wp\/v2\/product"}],"about":[{"href":"https:\/\/www.wuud.lt\/en\/wp-json\/wp\/v2\/types\/product"}],"replies":[{"embeddable":true,"href":"https:\/\/www.wuud.lt\/en\/wp-json\/wp\/v2\/comments?post=1389"}],"wp:featuredmedia":[{"embeddable":true,"href":"https:\/\/www.wuud.lt\/en\/wp-json\/wp\/v2\/media\/1391"}],"wp:attachment":[{"href":"https:\/\/www.wuud.lt\/en\/wp-json\/wp\/v2\/media?parent=1389"}],"wp:term":[{"taxonomy":"product_cat","embeddable":true,"href":"https:\/\/www.wuud.lt\/en\/wp-json\/wp\/v2\/product_cat?post=1389"},{"taxonomy":"product_tag","embeddable":true,"href":"https:\/\/www.wuud.lt\/en\/wp-json\/wp\/v2\/product_tag?post=1389"}],"curies":[{"name":"wp","href":"https:\/\/api.w.org\/{rel}","templated":true}]}}