{"id":1401,"date":"2021-12-04T14:10:02","date_gmt":"2021-12-04T14:10:02","guid":{"rendered":"https:\/\/www.wuud.lt\/?post_type=product&#038;p=1401"},"modified":"2022-11-30T23:09:13","modified_gmt":"2022-11-30T23:09:13","slug":"azuolinis-darbo-stalas-brick","status":"publish","type":"product","link":"https:\/\/www.wuud.lt\/en\/product\/azuolinis-darbo-stalas-brick\/","title":{"rendered":"\u0104\u017euolinis darbo stalas &#8222;Brick&#8221;"},"content":{"rendered":"<p>W\u016b\u016bd dizaino darbo stalas kuris \u012fne\u0161 konkretumo akcent\u0105 \u012f j\u016bs\u0173 darbo kambar\u012f arba ofis\u0105.<\/p>\n<p><strong>Sutvertas tarnauti<\/strong>\u00a0\u2013 40mm A klas\u0117s be\u0161akis \u0105\u017euolo masyvo stalvir\u0161is ir 3mm milteliniu b\u016bdu da\u017eyt\u0173 plienini\u0173 koj\u0173 sieneli\u0173 storis u\u017etikrina tvirt\u0105 ir ilgaam\u017e\u0119 stalo konstrukcij\u0105.<\/p>\n<p>Stalvir\u0161is pilnai nei\u0161poliruotas, kad prisilietus b\u016bt\u0173 jau\u010diamas medienos nat\u016bralus ra\u0161tas. Dengtas 3 pusiau matinio lako sluoksniais, kuris suteikia pavir\u0161iui maksimali\u0105 apsaug\u0105.<br \/>\nKojos gali b\u016bti da\u017eomos skirtingais atspalviais.<\/p>\n<p>Galimyb\u0117 rinktis i\u0161 skirting\u0173 koj\u0173 dizain\u0173.<\/p>\n<p>Stalo matmenys*:<\/p>\n<p>Ilgis &#8211; nuo 1200mm iki 1900mm<br \/>\nPlotis \u2013 730mm<br \/>\nAuk\u0161tis \u2013 750mm<\/p>\n<p><strong>D\u0117l nestandartini\u0173 matmen\u0173 para\u0161ykite u\u017eklaus\u0105\u00a0<a href=\"https:\/\/www.wuud.lt\/en\/kontaktai\/\">Kontakt\u0173<\/a>\u00a0puslapyje.<\/strong><\/p>\n<p>*matmenyse galimi neatitikimai iki 5mm<\/p>\n<p>Nuotraukose pavaizduotas 1900mm ilgio stalas. Medin\u0117 dalis 1780mm &#8211; metalin\u0117 60mm + 60mm.<\/p>\n<p>Atsiskaitant u\u017e \u0161i\u0105 prek\u0119 galite pasirinkti tik <strong>Atsi\u0117mim\u0105 vietoje<\/strong>, d\u0117l prek\u0117s gabarit\u0173. Jeigu pageidaujate, kad prek\u0117 b\u016bt\u0173 pristatyta j\u016bs\u0173 norimu adresu &#8211; <strong>susiekite<\/strong>, kad aptartum\u0117me pristatymo s\u0105lygas.<\/p>\n<p>Stalas paruo\u0161iamas atsi\u0117mimui arba pristatomas i\u0161rinktas \u012f 3 dalis \u2013 2 kojos ir stalvir\u0161is.<br \/>\nStalas paruo\u0161iamas asi\u0117mimui arba pristatymui per 2 savai\u010di\u0173 laikotarp\u012f nuo u\u017esakymo datos.<\/p>\n<p>&nbsp;<\/p>","protected":false},"excerpt":{"rendered":"<p>W\u016b\u016bd dizaino darbo stalas kuris \u012fne\u0161 konkretumo akcent\u0105 \u012f j\u016bs\u0173 darbo kambar\u012f arba ofis\u0105. Sutvertas tarnauti\u00a0\u2013 40mm A klas\u0117s be\u0161akis \u0105\u017euolo masyvo stalvir\u0161is ir 3mm milteliniu b\u016bdu da\u017eyt\u0173 plienini\u0173 koj\u0173 sieneli\u0173 storis u\u017etikrina tvirt\u0105 ir ilgaam\u017e\u0119 stalo konstrukcij\u0105. Stalvir\u0161is pilnai nei\u0161poliruotas, kad prisilietus b\u016bt\u0173 jau\u010diamas medienos nat\u016bralus ra\u0161tas. Dengtas 3 pusiau matinio lako sluoksniais, kuris [&#8230;]","protected":false},"featured_media":1402,"comment_status":"open","ping_status":"closed","template":"","meta":{"_glsr_average":0,"_glsr_ranking":0,"_glsr_reviews":0},"product_cat":[15,93],"product_tag":[],"class_list":{"0":"post-1401","1":"product","2":"type-product","3":"status-publish","4":"has-post-thumbnail","6":"product_cat-interior","7":"product_cat-stalai","8":"product_shipping_class-didesni-produktai","10":"first","11":"instock","12":"taxable","13":"shipping-taxable","14":"purchasable","15":"product-type-variable"},"yoast_head":"<!-- This site is optimized with the Yoast SEO plugin v23.8 - https:\/\/yoast.com\/wordpress\/plugins\/seo\/ -->\n<title>\u0104\u017euolinis darbo stalas &quot;Brick&quot; - W\u016b\u016bd<\/title>\n<meta name=\"description\" content=\"W\u016b\u016bd dizaino darbo stalas kuris \u012fne\u0161 konkretumo akcent\u0105 \u012f j\u016bs\u0173 darbo kambar\u012f arba ofis\u0105. Galimyb\u0117 rinktis i\u0161 skirting\u0173 koj\u0173 dizain\u0173.\" \/>\n<meta name=\"robots\" content=\"index, follow, max-snippet:-1, max-image-preview:large, max-video-preview:-1\" \/>\n<link rel=\"canonical\" href=\"https:\/\/www.wuud.lt\/en\/product\/azuolinis-darbo-stalas-brick\/\" \/>\n<meta property=\"og:locale\" content=\"en_US\" \/>\n<meta property=\"og:type\" content=\"article\" \/>\n<meta property=\"og:title\" content=\"\u0104\u017euolinis darbo stalas &quot;Brick&quot; - W\u016b\u016bd\" \/>\n<meta property=\"og:description\" content=\"W\u016b\u016bd dizaino darbo stalas kuris \u012fne\u0161 konkretumo akcent\u0105 \u012f j\u016bs\u0173 darbo kambar\u012f arba ofis\u0105. Galimyb\u0117 rinktis i\u0161 skirting\u0173 koj\u0173 dizain\u0173.\" \/>\n<meta property=\"og:url\" content=\"https:\/\/www.wuud.lt\/en\/product\/azuolinis-darbo-stalas-brick\/\" \/>\n<meta property=\"og:site_name\" content=\"W\u016b\u016bd\" \/>\n<meta property=\"article:modified_time\" content=\"2022-11-30T23:09:13+00:00\" \/>\n<meta property=\"og:image\" content=\"https:\/\/www.wuud.lt\/wp-content\/uploads\/2021\/12\/Wuud-Brick-S1-1.jpg\" \/>\n\t<meta property=\"og:image:width\" content=\"2000\" \/>\n\t<meta property=\"og:image:height\" content=\"1500\" \/>\n\t<meta property=\"og:image:type\" content=\"image\/jpeg\" \/>\n<meta name=\"twitter:card\" content=\"summary_large_image\" \/>\n<meta name=\"twitter:label1\" content=\"Est. reading time\" \/>\n\t<meta name=\"twitter:data1\" content=\"1 minute\" \/>\n<script type=\"application\/ld+json\" class=\"yoast-schema-graph\">{\"@context\":\"https:\/\/schema.org\",\"@graph\":[{\"@type\":\"WebPage\",\"@id\":\"https:\/\/www.wuud.lt\/product\/azuolinis-darbo-stalas-brick\/\",\"url\":\"https:\/\/www.wuud.lt\/product\/azuolinis-darbo-stalas-brick\/\",\"name\":\"\u0104\u017euolinis darbo stalas \\\"Brick\\\" - W\u016b\u016bd\",\"isPartOf\":{\"@id\":\"https:\/\/www.wuud.lt\/#website\"},\"primaryImageOfPage\":{\"@id\":\"https:\/\/www.wuud.lt\/product\/azuolinis-darbo-stalas-brick\/#primaryimage\"},\"image\":{\"@id\":\"https:\/\/www.wuud.lt\/product\/azuolinis-darbo-stalas-brick\/#primaryimage\"},\"thumbnailUrl\":\"https:\/\/www.wuud.lt\/wp-content\/uploads\/2021\/12\/Wuud-Brick-S1-1.jpg\",\"datePublished\":\"2021-12-04T14:10:02+00:00\",\"dateModified\":\"2022-11-30T23:09:13+00:00\",\"description\":\"W\u016b\u016bd dizaino darbo stalas kuris \u012fne\u0161 konkretumo akcent\u0105 \u012f j\u016bs\u0173 darbo kambar\u012f arba ofis\u0105. Galimyb\u0117 rinktis i\u0161 skirting\u0173 koj\u0173 dizain\u0173.\",\"breadcrumb\":{\"@id\":\"https:\/\/www.wuud.lt\/product\/azuolinis-darbo-stalas-brick\/#breadcrumb\"},\"inLanguage\":\"en-US\",\"potentialAction\":[{\"@type\":\"ReadAction\",\"target\":[\"https:\/\/www.wuud.lt\/product\/azuolinis-darbo-stalas-brick\/\"]}]},{\"@type\":\"ImageObject\",\"inLanguage\":\"en-US\",\"@id\":\"https:\/\/www.wuud.lt\/product\/azuolinis-darbo-stalas-brick\/#primaryimage\",\"url\":\"https:\/\/www.wuud.lt\/wp-content\/uploads\/2021\/12\/Wuud-Brick-S1-1.jpg\",\"contentUrl\":\"https:\/\/www.wuud.lt\/wp-content\/uploads\/2021\/12\/Wuud-Brick-S1-1.jpg\",\"width\":2000,\"height\":1500},{\"@type\":\"BreadcrumbList\",\"@id\":\"https:\/\/www.wuud.lt\/product\/azuolinis-darbo-stalas-brick\/#breadcrumb\",\"itemListElement\":[{\"@type\":\"ListItem\",\"position\":1,\"name\":\"Home\",\"item\":\"https:\/\/www.wuud.lt\/\"},{\"@type\":\"ListItem\",\"position\":2,\"name\":\"Parduotuv\u0117\",\"item\":\"https:\/\/www.wuud.lt\/shop\/\"},{\"@type\":\"ListItem\",\"position\":3,\"name\":\"\u0104\u017euolinis darbo stalas &#8222;Brick&#8221;\"}]},{\"@type\":\"WebSite\",\"@id\":\"https:\/\/www.wuud.lt\/#website\",\"url\":\"https:\/\/www.wuud.lt\/\",\"name\":\"W\u016b\u016bd\",\"description\":\"Jaukiems Namams  ir Prakti&scaron;kiems Sprendimams\",\"publisher\":{\"@id\":\"https:\/\/www.wuud.lt\/#organization\"},\"potentialAction\":[{\"@type\":\"SearchAction\",\"target\":{\"@type\":\"EntryPoint\",\"urlTemplate\":\"https:\/\/www.wuud.lt\/?s={search_term_string}\"},\"query-input\":{\"@type\":\"PropertyValueSpecification\",\"valueRequired\":true,\"valueName\":\"search_term_string\"}}],\"inLanguage\":\"en-US\"},{\"@type\":\"Organization\",\"@id\":\"https:\/\/www.wuud.lt\/#organization\",\"name\":\"W\u016b\u016bd\",\"url\":\"https:\/\/www.wuud.lt\/\",\"logo\":{\"@type\":\"ImageObject\",\"inLanguage\":\"en-US\",\"@id\":\"https:\/\/www.wuud.lt\/#\/schema\/logo\/image\/\",\"url\":\"https:\/\/www.wuud.lt\/wp-content\/uploads\/2020\/08\/Wuud-logo-layered.png\",\"contentUrl\":\"https:\/\/www.wuud.lt\/wp-content\/uploads\/2020\/08\/Wuud-logo-layered.png\",\"width\":800,\"height\":450,\"caption\":\"W\u016b\u016bd\"},\"image\":{\"@id\":\"https:\/\/www.wuud.lt\/#\/schema\/logo\/image\/\"}}]}<\/script>\n<!-- \/ Yoast SEO plugin. -->","yoast_head_json":{"title":"\u0104\u017euolinis darbo stalas \"Brick\" - W\u016b\u016bd","description":"W\u016b\u016bd dizaino darbo stalas kuris \u012fne\u0161 konkretumo akcent\u0105 \u012f j\u016bs\u0173 darbo kambar\u012f arba ofis\u0105. Galimyb\u0117 rinktis i\u0161 skirting\u0173 koj\u0173 dizain\u0173.","robots":{"index":"index","follow":"follow","max-snippet":"max-snippet:-1","max-image-preview":"max-image-preview:large","max-video-preview":"max-video-preview:-1"},"canonical":"https:\/\/www.wuud.lt\/en\/product\/azuolinis-darbo-stalas-brick\/","og_locale":"en_US","og_type":"article","og_title":"\u0104\u017euolinis darbo stalas \"Brick\" - W\u016b\u016bd","og_description":"W\u016b\u016bd dizaino darbo stalas kuris \u012fne\u0161 konkretumo akcent\u0105 \u012f j\u016bs\u0173 darbo kambar\u012f arba ofis\u0105. Galimyb\u0117 rinktis i\u0161 skirting\u0173 koj\u0173 dizain\u0173.","og_url":"https:\/\/www.wuud.lt\/en\/product\/azuolinis-darbo-stalas-brick\/","og_site_name":"W\u016b\u016bd","article_modified_time":"2022-11-30T23:09:13+00:00","og_image":[{"width":2000,"height":1500,"url":"https:\/\/www.wuud.lt\/wp-content\/uploads\/2021\/12\/Wuud-Brick-S1-1.jpg","type":"image\/jpeg"}],"twitter_card":"summary_large_image","twitter_misc":{"Est. reading time":"1 minute"},"schema":{"@context":"https:\/\/schema.org","@graph":[{"@type":"WebPage","@id":"https:\/\/www.wuud.lt\/product\/azuolinis-darbo-stalas-brick\/","url":"https:\/\/www.wuud.lt\/product\/azuolinis-darbo-stalas-brick\/","name":"\u0104\u017euolinis darbo stalas \"Brick\" - W\u016b\u016bd","isPartOf":{"@id":"https:\/\/www.wuud.lt\/#website"},"primaryImageOfPage":{"@id":"https:\/\/www.wuud.lt\/product\/azuolinis-darbo-stalas-brick\/#primaryimage"},"image":{"@id":"https:\/\/www.wuud.lt\/product\/azuolinis-darbo-stalas-brick\/#primaryimage"},"thumbnailUrl":"https:\/\/www.wuud.lt\/wp-content\/uploads\/2021\/12\/Wuud-Brick-S1-1.jpg","datePublished":"2021-12-04T14:10:02+00:00","dateModified":"2022-11-30T23:09:13+00:00","description":"W\u016b\u016bd dizaino darbo stalas kuris \u012fne\u0161 konkretumo akcent\u0105 \u012f j\u016bs\u0173 darbo kambar\u012f arba ofis\u0105. Galimyb\u0117 rinktis i\u0161 skirting\u0173 koj\u0173 dizain\u0173.","breadcrumb":{"@id":"https:\/\/www.wuud.lt\/product\/azuolinis-darbo-stalas-brick\/#breadcrumb"},"inLanguage":"en-US","potentialAction":[{"@type":"ReadAction","target":["https:\/\/www.wuud.lt\/product\/azuolinis-darbo-stalas-brick\/"]}]},{"@type":"ImageObject","inLanguage":"en-US","@id":"https:\/\/www.wuud.lt\/product\/azuolinis-darbo-stalas-brick\/#primaryimage","url":"https:\/\/www.wuud.lt\/wp-content\/uploads\/2021\/12\/Wuud-Brick-S1-1.jpg","contentUrl":"https:\/\/www.wuud.lt\/wp-content\/uploads\/2021\/12\/Wuud-Brick-S1-1.jpg","width":2000,"height":1500},{"@type":"BreadcrumbList","@id":"https:\/\/www.wuud.lt\/product\/azuolinis-darbo-stalas-brick\/#breadcrumb","itemListElement":[{"@type":"ListItem","position":1,"name":"Home","item":"https:\/\/www.wuud.lt\/"},{"@type":"ListItem","position":2,"name":"Parduotuv\u0117","item":"https:\/\/www.wuud.lt\/shop\/"},{"@type":"ListItem","position":3,"name":"\u0104\u017euolinis darbo stalas &#8222;Brick&#8221;"}]},{"@type":"WebSite","@id":"https:\/\/www.wuud.lt\/#website","url":"https:\/\/www.wuud.lt\/","name":"W\u016b\u016bd","description":"Jaukiems Namams  ir Prakti&scaron;kiems Sprendimams","publisher":{"@id":"https:\/\/www.wuud.lt\/#organization"},"potentialAction":[{"@type":"SearchAction","target":{"@type":"EntryPoint","urlTemplate":"https:\/\/www.wuud.lt\/?s={search_term_string}"},"query-input":{"@type":"PropertyValueSpecification","valueRequired":true,"valueName":"search_term_string"}}],"inLanguage":"en-US"},{"@type":"Organization","@id":"https:\/\/www.wuud.lt\/#organization","name":"W\u016b\u016bd","url":"https:\/\/www.wuud.lt\/","logo":{"@type":"ImageObject","inLanguage":"en-US","@id":"https:\/\/www.wuud.lt\/#\/schema\/logo\/image\/","url":"https:\/\/www.wuud.lt\/wp-content\/uploads\/2020\/08\/Wuud-logo-layered.png","contentUrl":"https:\/\/www.wuud.lt\/wp-content\/uploads\/2020\/08\/Wuud-logo-layered.png","width":800,"height":450,"caption":"W\u016b\u016bd"},"image":{"@id":"https:\/\/www.wuud.lt\/#\/schema\/logo\/image\/"}}]}},"jetpack_sharing_enabled":true,"_links":{"self":[{"href":"https:\/\/www.wuud.lt\/en\/wp-json\/wp\/v2\/product\/1401","targetHints":{"allow":["GET"]}}],"collection":[{"href":"https:\/\/www.wuud.lt\/en\/wp-json\/wp\/v2\/product"}],"about":[{"href":"https:\/\/www.wuud.lt\/en\/wp-json\/wp\/v2\/types\/product"}],"replies":[{"embeddable":true,"href":"https:\/\/www.wuud.lt\/en\/wp-json\/wp\/v2\/comments?post=1401"}],"wp:featuredmedia":[{"embeddable":true,"href":"https:\/\/www.wuud.lt\/en\/wp-json\/wp\/v2\/media\/1402"}],"wp:attachment":[{"href":"https:\/\/www.wuud.lt\/en\/wp-json\/wp\/v2\/media?parent=1401"}],"wp:term":[{"taxonomy":"product_cat","embeddable":true,"href":"https:\/\/www.wuud.lt\/en\/wp-json\/wp\/v2\/product_cat?post=1401"},{"taxonomy":"product_tag","embeddable":true,"href":"https:\/\/www.wuud.lt\/en\/wp-json\/wp\/v2\/product_tag?post=1401"}],"curies":[{"name":"wp","href":"https:\/\/api.w.org\/{rel}","templated":true}]}}